{"id":267,"date":"2024-03-07T16:59:08","date_gmt":"2024-03-07T16:59:08","guid":{"rendered":"https:\/\/casadolivreiro.pt\/?post_type=product&#038;p=267"},"modified":"2026-01-11T14:54:55","modified_gmt":"2026-01-11T14:54:55","slug":"cronicas-do-ceu-o-primeiro-dia-joao-cesar-das-neves","status":"publish","type":"product","link":"https:\/\/casadolivreiro.pt\/index.php\/product\/cronicas-do-ceu-o-primeiro-dia-joao-cesar-das-neves\/","title":{"rendered":"CR\u00d3NICAS DO C\u00c9U: O PRIMEIRO DIA &#8211; Jo\u00e3o C\u00e9sar das Neves"},"content":{"rendered":"<p>CR\u00d3NICAS DO C\u00c9U: O PRIMEIRO DIA<br \/>\nJo\u00e3o C\u00e9sar das Neves<br \/>\nISBN: 9789728835002<br \/>\nAno de edi\u00e7\u00e3o: 04-2003<br \/>\nEditor: Lucerna<br \/>\nIdioma: Portugu\u00eas<br \/>\nDimens\u00f5es: 14.4 x 1.9 x\u00a0 22.9 cm<br \/>\nEncaderna\u00e7\u00e3o: Capa mole<br \/>\nP\u00e1ginas: 320<\/p>\n<p>No primeiro dia, o da sua morte na Terra, a alma do narrador vai ter a um intrigante local no qual se joga o seu destino na eternidade. Num lugar em que nada se pode esconder, sob a intensa e radiosa Luz divina, s\u00e3o as op\u00e7\u00f5es individuais e concretas entre Deus e os deuses, na Esta\u00e7\u00e3o da Morte como na Terra, que ditam o destino e o tipo de eternidade que aguardam cada qual no Al\u00e9m.<\/p>\n","protected":false},"excerpt":{"rendered":"<p>CR\u00d3NICAS DO C\u00c9U: O PRIMEIRO DIA Jo\u00e3o C\u00e9sar das Neves ISBN: 9789728835002 Ano de edi\u00e7\u00e3o: 04-2003 Editor: Lucerna Idioma: Portugu\u00eas Dimens\u00f5es: 14.4 x 1.9 x\u00a0 22.9 cm Encaderna\u00e7\u00e3o: Capa mole P\u00e1ginas: 320 No primeiro dia, o da sua morte na Terra, a alma do narrador vai ter a um intrigante local no qual se joga [&hellip;]<\/p>\n","protected":false},"featured_media":268,"comment_status":"open","ping_status":"closed","template":"","meta":{"om_disable_all_campaigns":false,"_monsterinsights_skip_tracking":false,"_monsterinsights_sitenote_active":false,"_monsterinsights_sitenote_note":"","_monsterinsights_sitenote_category":0,"_uf_show_specific_survey":0,"_uf_disable_surveys":false},"product_cat":[33,36,62],"product_tag":[],"aioseo_notices":[],"jetpack_sharing_enabled":true,"_links":{"self":[{"href":"https:\/\/casadolivreiro.pt\/index.php\/wp-json\/wp\/v2\/product\/267"}],"collection":[{"href":"https:\/\/casadolivreiro.pt\/index.php\/wp-json\/wp\/v2\/product"}],"about":[{"href":"https:\/\/casadolivreiro.pt\/index.php\/wp-json\/wp\/v2\/types\/product"}],"replies":[{"embeddable":true,"href":"https:\/\/casadolivreiro.pt\/index.php\/wp-json\/wp\/v2\/comments?post=267"}],"wp:featuredmedia":[{"embeddable":true,"href":"https:\/\/casadolivreiro.pt\/index.php\/wp-json\/wp\/v2\/media\/268"}],"wp:attachment":[{"href":"https:\/\/casadolivreiro.pt\/index.php\/wp-json\/wp\/v2\/media?parent=267"}],"wp:term":[{"taxonomy":"product_cat","embeddable":true,"href":"https:\/\/casadolivreiro.pt\/index.php\/wp-json\/wp\/v2\/product_cat?post=267"},{"taxonomy":"product_tag","embeddable":true,"href":"https:\/\/casadolivreiro.pt\/index.php\/wp-json\/wp\/v2\/product_tag?post=267"}],"curies":[{"name":"wp","href":"https:\/\/api.w.org\/{rel}","templated":true}]}}