{"id":2668,"date":"2025-02-26T17:18:11","date_gmt":"2025-02-26T17:18:11","guid":{"rendered":"https:\/\/casadolivreiro.pt\/?post_type=product&#038;p=2668"},"modified":"2025-02-26T17:18:11","modified_gmt":"2025-02-26T17:18:11","slug":"o-ente-querido-evelyn-waugh","status":"publish","type":"product","link":"https:\/\/casadolivreiro.pt\/index.php\/product\/o-ente-querido-evelyn-waugh\/","title":{"rendered":"O ENTE QUERIDO \u2013 Evelyn Waugh"},"content":{"rendered":"<p>O ENTE QUERIDO \u2013 Evelyn Waugh<\/p>\n<p>Tradu\u00e7\u00e3o de Jorge de Sena<\/p>\n<p>Ano de edi\u00e7\u00e3o: 2007<\/p>\n<p>Editor: O Livros da Raposa<\/p>\n<p>Idioma: Portugu\u00eas<\/p>\n<p>Dimens\u00f5es: 13 x 1 x 21cm<\/p>\n<p>Encaderna\u00e7\u00e3o: Capa dura<\/p>\n<p>P\u00e1ginas: 156<\/p>\n","protected":false},"excerpt":{"rendered":"<p>O ENTE QUERIDO \u2013 Evelyn Waugh Tradu\u00e7\u00e3o de Jorge de Sena Ano de edi\u00e7\u00e3o: 2007 Editor: O Livros da Raposa Idioma: Portugu\u00eas Dimens\u00f5es: 13 x 1 x 21cm Encaderna\u00e7\u00e3o: Capa dura P\u00e1ginas: 156<\/p>\n","protected":false},"featured_media":2669,"comment_status":"open","ping_status":"closed","template":"","meta":{"om_disable_all_campaigns":false,"_monsterinsights_skip_tracking":false,"_monsterinsights_sitenote_active":false,"_monsterinsights_sitenote_note":"","_monsterinsights_sitenote_category":0,"_uf_show_specific_survey":0,"_uf_disable_surveys":false},"product_cat":[26],"product_tag":[],"aioseo_notices":[],"jetpack_sharing_enabled":true,"_links":{"self":[{"href":"https:\/\/casadolivreiro.pt\/index.php\/wp-json\/wp\/v2\/product\/2668"}],"collection":[{"href":"https:\/\/casadolivreiro.pt\/index.php\/wp-json\/wp\/v2\/product"}],"about":[{"href":"https:\/\/casadolivreiro.pt\/index.php\/wp-json\/wp\/v2\/types\/product"}],"replies":[{"embeddable":true,"href":"https:\/\/casadolivreiro.pt\/index.php\/wp-json\/wp\/v2\/comments?post=2668"}],"wp:featuredmedia":[{"embeddable":true,"href":"https:\/\/casadolivreiro.pt\/index.php\/wp-json\/wp\/v2\/media\/2669"}],"wp:attachment":[{"href":"https:\/\/casadolivreiro.pt\/index.php\/wp-json\/wp\/v2\/media?parent=2668"}],"wp:term":[{"taxonomy":"product_cat","embeddable":true,"href":"https:\/\/casadolivreiro.pt\/index.php\/wp-json\/wp\/v2\/product_cat?post=2668"},{"taxonomy":"product_tag","embeddable":true,"href":"https:\/\/casadolivreiro.pt\/index.php\/wp-json\/wp\/v2\/product_tag?post=2668"}],"curies":[{"name":"wp","href":"https:\/\/api.w.org\/{rel}","templated":true}]}}