{"id":2664,"date":"2025-02-26T17:13:23","date_gmt":"2025-02-26T17:13:23","guid":{"rendered":"https:\/\/casadolivreiro.pt\/?post_type=product&#038;p=2664"},"modified":"2025-02-26T17:13:23","modified_gmt":"2025-02-26T17:13:23","slug":"o-bisturi-magico-frank-g-slaughter","status":"publish","type":"product","link":"https:\/\/casadolivreiro.pt\/index.php\/product\/o-bisturi-magico-frank-g-slaughter\/","title":{"rendered":"O BISTURI M\u00c1GICO \u2013 Frank G. Slaughter"},"content":{"rendered":"<p>O BISTURI M\u00c1GICO \u2013 Frank G. Slaughter<\/p>\n<p>Tradu\u00e7\u00e3o de Jorge Manuel<\/p>\n<p>Ano de edi\u00e7\u00e3o: 1983<\/p>\n<p>Editor: Circulo de Leitores, Lisboa<\/p>\n<p>Idioma: Portugu\u00eas<\/p>\n<p>Dimens\u00f5es: 12 x 3 x 20cm<\/p>\n<p>Encaderna\u00e7\u00e3o: Capa dura<\/p>\n<p>P\u00e1ginas: 457<\/p>\n","protected":false},"excerpt":{"rendered":"<p>O BISTURI M\u00c1GICO \u2013 Frank G. Slaughter Tradu\u00e7\u00e3o de Jorge Manuel Ano de edi\u00e7\u00e3o: 1983 Editor: Circulo de Leitores, Lisboa Idioma: Portugu\u00eas Dimens\u00f5es: 12 x 3 x 20cm Encaderna\u00e7\u00e3o: Capa dura P\u00e1ginas: 457<\/p>\n","protected":false},"featured_media":2665,"comment_status":"open","ping_status":"closed","template":"","meta":{"om_disable_all_campaigns":false,"_monsterinsights_skip_tracking":false,"_monsterinsights_sitenote_active":false,"_monsterinsights_sitenote_note":"","_monsterinsights_sitenote_category":0,"_uf_show_specific_survey":0,"_uf_disable_surveys":false},"product_cat":[26],"product_tag":[],"aioseo_notices":[],"jetpack_sharing_enabled":true,"_links":{"self":[{"href":"https:\/\/casadolivreiro.pt\/index.php\/wp-json\/wp\/v2\/product\/2664"}],"collection":[{"href":"https:\/\/casadolivreiro.pt\/index.php\/wp-json\/wp\/v2\/product"}],"about":[{"href":"https:\/\/casadolivreiro.pt\/index.php\/wp-json\/wp\/v2\/types\/product"}],"replies":[{"embeddable":true,"href":"https:\/\/casadolivreiro.pt\/index.php\/wp-json\/wp\/v2\/comments?post=2664"}],"wp:featuredmedia":[{"embeddable":true,"href":"https:\/\/casadolivreiro.pt\/index.php\/wp-json\/wp\/v2\/media\/2665"}],"wp:attachment":[{"href":"https:\/\/casadolivreiro.pt\/index.php\/wp-json\/wp\/v2\/media?parent=2664"}],"wp:term":[{"taxonomy":"product_cat","embeddable":true,"href":"https:\/\/casadolivreiro.pt\/index.php\/wp-json\/wp\/v2\/product_cat?post=2664"},{"taxonomy":"product_tag","embeddable":true,"href":"https:\/\/casadolivreiro.pt\/index.php\/wp-json\/wp\/v2\/product_tag?post=2664"}],"curies":[{"name":"wp","href":"https:\/\/api.w.org\/{rel}","templated":true}]}}