{"id":2657,"date":"2025-02-26T17:00:38","date_gmt":"2025-02-26T17:00:38","guid":{"rendered":"https:\/\/casadolivreiro.pt\/?post_type=product&#038;p=2657"},"modified":"2025-02-26T17:00:39","modified_gmt":"2025-02-26T17:00:39","slug":"o-documento-r-irving-wallace","status":"publish","type":"product","link":"https:\/\/casadolivreiro.pt\/index.php\/product\/o-documento-r-irving-wallace\/","title":{"rendered":"O DOCUMENTO R \u2013 Irving Wallace"},"content":{"rendered":"<p>O DOCUMENTO R \u2013 Irving Wallace<\/p>\n<p>Tradu\u00e7\u00e3o de Alvaro Silva<\/p>\n<p>Ano de edi\u00e7\u00e3o: 1978<\/p>\n<p>Editor: Circulo de Leitores, Lisboa<\/p>\n<p>Idioma: Portugu\u00eas<\/p>\n<p>Dimens\u00f5es: 14 x 1.4 x 21cm<\/p>\n<p>Encaderna\u00e7\u00e3o: Capa dura<\/p>\n<p>P\u00e1ginas: 314<\/p>\n","protected":false},"excerpt":{"rendered":"<p>O DOCUMENTO R \u2013 Irving Wallace Tradu\u00e7\u00e3o de Alvaro Silva Ano de edi\u00e7\u00e3o: 1978 Editor: Circulo de Leitores, Lisboa Idioma: Portugu\u00eas Dimens\u00f5es: 14 x 1.4 x 21cm Encaderna\u00e7\u00e3o: Capa dura P\u00e1ginas: 314<\/p>\n","protected":false},"featured_media":2658,"comment_status":"open","ping_status":"closed","template":"","meta":{"om_disable_all_campaigns":false,"_monsterinsights_skip_tracking":false,"_monsterinsights_sitenote_active":false,"_monsterinsights_sitenote_note":"","_monsterinsights_sitenote_category":0,"_uf_show_specific_survey":0,"_uf_disable_surveys":false},"product_cat":[26,44],"product_tag":[],"aioseo_notices":[],"jetpack_sharing_enabled":true,"_links":{"self":[{"href":"https:\/\/casadolivreiro.pt\/index.php\/wp-json\/wp\/v2\/product\/2657"}],"collection":[{"href":"https:\/\/casadolivreiro.pt\/index.php\/wp-json\/wp\/v2\/product"}],"about":[{"href":"https:\/\/casadolivreiro.pt\/index.php\/wp-json\/wp\/v2\/types\/product"}],"replies":[{"embeddable":true,"href":"https:\/\/casadolivreiro.pt\/index.php\/wp-json\/wp\/v2\/comments?post=2657"}],"wp:featuredmedia":[{"embeddable":true,"href":"https:\/\/casadolivreiro.pt\/index.php\/wp-json\/wp\/v2\/media\/2658"}],"wp:attachment":[{"href":"https:\/\/casadolivreiro.pt\/index.php\/wp-json\/wp\/v2\/media?parent=2657"}],"wp:term":[{"taxonomy":"product_cat","embeddable":true,"href":"https:\/\/casadolivreiro.pt\/index.php\/wp-json\/wp\/v2\/product_cat?post=2657"},{"taxonomy":"product_tag","embeddable":true,"href":"https:\/\/casadolivreiro.pt\/index.php\/wp-json\/wp\/v2\/product_tag?post=2657"}],"curies":[{"name":"wp","href":"https:\/\/api.w.org\/{rel}","templated":true}]}}