{"id":2655,"date":"2025-02-26T16:56:33","date_gmt":"2025-02-26T16:56:33","guid":{"rendered":"https:\/\/casadolivreiro.pt\/?post_type=product&#038;p=2655"},"modified":"2025-02-26T16:56:33","modified_gmt":"2025-02-26T16:56:33","slug":"segundo-livro-da-selva-rudyard-kipling","status":"publish","type":"product","link":"https:\/\/casadolivreiro.pt\/index.php\/product\/segundo-livro-da-selva-rudyard-kipling\/","title":{"rendered":"SEGUNDO LIVRO DA SELVA \u2013 Rudyard Kipling"},"content":{"rendered":"<p>SEGUNDO LIVRO DA SELVA \u2013 Rudyard Kipling<\/p>\n<p>Tradu\u00e7\u00e3o de Jos\u00e9 Francisco dos Santos<\/p>\n<p>Ano de edi\u00e7\u00e3o:<\/p>\n<p>Editor: Livros do Brasil, Lisboa<\/p>\n<p>Idioma: Portugu\u00eas<\/p>\n<p>Dimens\u00f5es: 14 x 1.4 x 21cm<\/p>\n<p>Encaderna\u00e7\u00e3o: Capa mole<\/p>\n<p>P\u00e1ginas: 247<\/p>\n","protected":false},"excerpt":{"rendered":"<p>SEGUNDO LIVRO DA SELVA \u2013 Rudyard Kipling Tradu\u00e7\u00e3o de Jos\u00e9 Francisco dos Santos Ano de edi\u00e7\u00e3o: Editor: Livros do Brasil, Lisboa Idioma: Portugu\u00eas Dimens\u00f5es: 14 x 1.4 x 21cm Encaderna\u00e7\u00e3o: Capa mole P\u00e1ginas: 247<\/p>\n","protected":false},"featured_media":2656,"comment_status":"open","ping_status":"closed","template":"","meta":{"om_disable_all_campaigns":false,"_monsterinsights_skip_tracking":false,"_monsterinsights_sitenote_active":false,"_monsterinsights_sitenote_note":"","_monsterinsights_sitenote_category":0,"_uf_show_specific_survey":0,"_uf_disable_surveys":false},"product_cat":[26],"product_tag":[],"aioseo_notices":[],"jetpack_sharing_enabled":true,"_links":{"self":[{"href":"https:\/\/casadolivreiro.pt\/index.php\/wp-json\/wp\/v2\/product\/2655"}],"collection":[{"href":"https:\/\/casadolivreiro.pt\/index.php\/wp-json\/wp\/v2\/product"}],"about":[{"href":"https:\/\/casadolivreiro.pt\/index.php\/wp-json\/wp\/v2\/types\/product"}],"replies":[{"embeddable":true,"href":"https:\/\/casadolivreiro.pt\/index.php\/wp-json\/wp\/v2\/comments?post=2655"}],"wp:featuredmedia":[{"embeddable":true,"href":"https:\/\/casadolivreiro.pt\/index.php\/wp-json\/wp\/v2\/media\/2656"}],"wp:attachment":[{"href":"https:\/\/casadolivreiro.pt\/index.php\/wp-json\/wp\/v2\/media?parent=2655"}],"wp:term":[{"taxonomy":"product_cat","embeddable":true,"href":"https:\/\/casadolivreiro.pt\/index.php\/wp-json\/wp\/v2\/product_cat?post=2655"},{"taxonomy":"product_tag","embeddable":true,"href":"https:\/\/casadolivreiro.pt\/index.php\/wp-json\/wp\/v2\/product_tag?post=2655"}],"curies":[{"name":"wp","href":"https:\/\/api.w.org\/{rel}","templated":true}]}}