{"id":2650,"date":"2025-02-26T16:47:30","date_gmt":"2025-02-26T16:47:30","guid":{"rendered":"https:\/\/casadolivreiro.pt\/?post_type=product&#038;p=2650"},"modified":"2025-02-26T16:47:30","modified_gmt":"2025-02-26T16:47:30","slug":"o-mundo-e-feito-de-vidro-morris-west","status":"publish","type":"product","link":"https:\/\/casadolivreiro.pt\/index.php\/product\/o-mundo-e-feito-de-vidro-morris-west\/","title":{"rendered":"O MUNDO \u00c9 FEITO DE VIDRO \u2013 Morris West"},"content":{"rendered":"<p>O MUNDO \u00c9 FEITO DE VIDRO \u2013 Morris West<\/p>\n<p>Tradu\u00e7\u00e3o de Ana Maria Sampaio<\/p>\n<p>Ano de edi\u00e7\u00e3o: 1983<\/p>\n<p>Editor: Europa-Am\u00earica<\/p>\n<p>Idioma: Portugu\u00eas<\/p>\n<p>Dimens\u00f5es: 13.8 x 1.7 x 20.9cm<\/p>\n<p>Encaderna\u00e7\u00e3o: Capa mole<\/p>\n<p>P\u00e1ginas: 271<\/p>\n","protected":false},"excerpt":{"rendered":"<p>O MUNDO \u00c9 FEITO DE VIDRO \u2013 Morris West Tradu\u00e7\u00e3o de Ana Maria Sampaio Ano de edi\u00e7\u00e3o: 1983 Editor: Europa-Am\u00earica Idioma: Portugu\u00eas Dimens\u00f5es: 13.8 x 1.7 x 20.9cm Encaderna\u00e7\u00e3o: Capa mole P\u00e1ginas: 271<\/p>\n","protected":false},"featured_media":2651,"comment_status":"open","ping_status":"closed","template":"","meta":{"om_disable_all_campaigns":false,"_monsterinsights_skip_tracking":false,"_monsterinsights_sitenote_active":false,"_monsterinsights_sitenote_note":"","_monsterinsights_sitenote_category":0,"_uf_show_specific_survey":0,"_uf_disable_surveys":false},"product_cat":[26],"product_tag":[],"aioseo_notices":[],"jetpack_sharing_enabled":true,"_links":{"self":[{"href":"https:\/\/casadolivreiro.pt\/index.php\/wp-json\/wp\/v2\/product\/2650"}],"collection":[{"href":"https:\/\/casadolivreiro.pt\/index.php\/wp-json\/wp\/v2\/product"}],"about":[{"href":"https:\/\/casadolivreiro.pt\/index.php\/wp-json\/wp\/v2\/types\/product"}],"replies":[{"embeddable":true,"href":"https:\/\/casadolivreiro.pt\/index.php\/wp-json\/wp\/v2\/comments?post=2650"}],"wp:featuredmedia":[{"embeddable":true,"href":"https:\/\/casadolivreiro.pt\/index.php\/wp-json\/wp\/v2\/media\/2651"}],"wp:attachment":[{"href":"https:\/\/casadolivreiro.pt\/index.php\/wp-json\/wp\/v2\/media?parent=2650"}],"wp:term":[{"taxonomy":"product_cat","embeddable":true,"href":"https:\/\/casadolivreiro.pt\/index.php\/wp-json\/wp\/v2\/product_cat?post=2650"},{"taxonomy":"product_tag","embeddable":true,"href":"https:\/\/casadolivreiro.pt\/index.php\/wp-json\/wp\/v2\/product_tag?post=2650"}],"curies":[{"name":"wp","href":"https:\/\/api.w.org\/{rel}","templated":true}]}}