{"id":2648,"date":"2025-02-26T16:44:50","date_gmt":"2025-02-26T16:44:50","guid":{"rendered":"https:\/\/casadolivreiro.pt\/?post_type=product&#038;p=2648"},"modified":"2025-02-26T16:44:50","modified_gmt":"2025-02-26T16:44:50","slug":"o-golpe-robert-muchamore","status":"publish","type":"product","link":"https:\/\/casadolivreiro.pt\/index.php\/product\/o-golpe-robert-muchamore\/","title":{"rendered":"O GOLPE \u2013 Robert Muchamore"},"content":{"rendered":"<p>O GOLPE \u2013 Robert Muchamore<\/p>\n<p>Tradu\u00e7\u00e3o de Jorge Freira<\/p>\n<p>Ano de edi\u00e7\u00e3o: 2005<\/p>\n<p>Editor: Porto Editora<\/p>\n<p>Idioma: Portugu\u00eas<\/p>\n<p>Dimens\u00f5es: 12.9 x 2.5 x 19.7cm<\/p>\n<p>Encaderna\u00e7\u00e3o: Capa mole<\/p>\n<p>P\u00e1ginas: 352<\/p>\n","protected":false},"excerpt":{"rendered":"<p>O GOLPE \u2013 Robert Muchamore Tradu\u00e7\u00e3o de Jorge Freira Ano de edi\u00e7\u00e3o: 2005 Editor: Porto Editora Idioma: Portugu\u00eas Dimens\u00f5es: 12.9 x 2.5 x 19.7cm Encaderna\u00e7\u00e3o: Capa mole P\u00e1ginas: 352<\/p>\n","protected":false},"featured_media":2649,"comment_status":"open","ping_status":"closed","template":"","meta":{"om_disable_all_campaigns":false,"_monsterinsights_skip_tracking":false,"_monsterinsights_sitenote_active":false,"_monsterinsights_sitenote_note":"","_monsterinsights_sitenote_category":0,"_uf_show_specific_survey":0,"_uf_disable_surveys":false},"product_cat":[26],"product_tag":[],"aioseo_notices":[],"jetpack_sharing_enabled":true,"_links":{"self":[{"href":"https:\/\/casadolivreiro.pt\/index.php\/wp-json\/wp\/v2\/product\/2648"}],"collection":[{"href":"https:\/\/casadolivreiro.pt\/index.php\/wp-json\/wp\/v2\/product"}],"about":[{"href":"https:\/\/casadolivreiro.pt\/index.php\/wp-json\/wp\/v2\/types\/product"}],"replies":[{"embeddable":true,"href":"https:\/\/casadolivreiro.pt\/index.php\/wp-json\/wp\/v2\/comments?post=2648"}],"wp:featuredmedia":[{"embeddable":true,"href":"https:\/\/casadolivreiro.pt\/index.php\/wp-json\/wp\/v2\/media\/2649"}],"wp:attachment":[{"href":"https:\/\/casadolivreiro.pt\/index.php\/wp-json\/wp\/v2\/media?parent=2648"}],"wp:term":[{"taxonomy":"product_cat","embeddable":true,"href":"https:\/\/casadolivreiro.pt\/index.php\/wp-json\/wp\/v2\/product_cat?post=2648"},{"taxonomy":"product_tag","embeddable":true,"href":"https:\/\/casadolivreiro.pt\/index.php\/wp-json\/wp\/v2\/product_tag?post=2648"}],"curies":[{"name":"wp","href":"https:\/\/api.w.org\/{rel}","templated":true}]}}