{"id":2644,"date":"2025-02-26T16:36:59","date_gmt":"2025-02-26T16:36:59","guid":{"rendered":"https:\/\/casadolivreiro.pt\/?post_type=product&#038;p=2644"},"modified":"2025-02-26T16:36:59","modified_gmt":"2025-02-26T16:36:59","slug":"a-flecha-negra-r-l-stevenson","status":"publish","type":"product","link":"https:\/\/casadolivreiro.pt\/index.php\/product\/a-flecha-negra-r-l-stevenson\/","title":{"rendered":"A FLECHA NEGRA \u2013 R.L. Stevenson"},"content":{"rendered":"<p>A FLECHA NEGRA \u2013 R.L. Stevenson<\/p>\n<p>Tradu\u00e7\u00e3o de Francisco Bugalho<\/p>\n<p>Ano de edi\u00e7\u00e3o:<\/p>\n<p>Editor: Portugalia Editora, Lisboa<\/p>\n<p>Idioma: Portugu\u00eas<\/p>\n<p>Dimens\u00f5es: 12.3 x 1.9 x 19cm<\/p>\n<p>Encaderna\u00e7\u00e3o: Capa mole<\/p>\n<p>P\u00e1ginas: 294<\/p>\n","protected":false},"excerpt":{"rendered":"<p>A FLECHA NEGRA \u2013 R.L. Stevenson Tradu\u00e7\u00e3o de Francisco Bugalho Ano de edi\u00e7\u00e3o: Editor: Portugalia Editora, Lisboa Idioma: Portugu\u00eas Dimens\u00f5es: 12.3 x 1.9 x 19cm Encaderna\u00e7\u00e3o: Capa mole P\u00e1ginas: 294<\/p>\n","protected":false},"featured_media":2645,"comment_status":"open","ping_status":"closed","template":"","meta":{"om_disable_all_campaigns":false,"_monsterinsights_skip_tracking":false,"_monsterinsights_sitenote_active":false,"_monsterinsights_sitenote_note":"","_monsterinsights_sitenote_category":0,"_uf_show_specific_survey":0,"_uf_disable_surveys":false},"product_cat":[26],"product_tag":[],"aioseo_notices":[],"jetpack_sharing_enabled":true,"_links":{"self":[{"href":"https:\/\/casadolivreiro.pt\/index.php\/wp-json\/wp\/v2\/product\/2644"}],"collection":[{"href":"https:\/\/casadolivreiro.pt\/index.php\/wp-json\/wp\/v2\/product"}],"about":[{"href":"https:\/\/casadolivreiro.pt\/index.php\/wp-json\/wp\/v2\/types\/product"}],"replies":[{"embeddable":true,"href":"https:\/\/casadolivreiro.pt\/index.php\/wp-json\/wp\/v2\/comments?post=2644"}],"wp:featuredmedia":[{"embeddable":true,"href":"https:\/\/casadolivreiro.pt\/index.php\/wp-json\/wp\/v2\/media\/2645"}],"wp:attachment":[{"href":"https:\/\/casadolivreiro.pt\/index.php\/wp-json\/wp\/v2\/media?parent=2644"}],"wp:term":[{"taxonomy":"product_cat","embeddable":true,"href":"https:\/\/casadolivreiro.pt\/index.php\/wp-json\/wp\/v2\/product_cat?post=2644"},{"taxonomy":"product_tag","embeddable":true,"href":"https:\/\/casadolivreiro.pt\/index.php\/wp-json\/wp\/v2\/product_tag?post=2644"}],"curies":[{"name":"wp","href":"https:\/\/api.w.org\/{rel}","templated":true}]}}