{"id":264,"date":"2024-03-07T16:52:54","date_gmt":"2024-03-07T16:52:54","guid":{"rendered":"https:\/\/casadolivreiro.pt\/?post_type=product&#038;p=264"},"modified":"2025-03-12T22:23:27","modified_gmt":"2025-03-12T22:23:27","slug":"ontem-um-anjo-disse-me-dialogos-para-o-seculo-xxi-f-carvalho-rodrigues-e-luis-ramos","status":"publish","type":"product","link":"https:\/\/casadolivreiro.pt\/index.php\/product\/ontem-um-anjo-disse-me-dialogos-para-o-seculo-xxi-f-carvalho-rodrigues-e-luis-ramos\/","title":{"rendered":"ONTEM, UM ANJO DISSE-ME Di\u00e1logos para o S\u00e9culo XXI  &#8211; F. Carvalho Rodrigues e Lu\u00eds Ramos"},"content":{"rendered":"<p>ONTEM, UM ANJO DISSE-ME Di\u00e1logos para o S\u00e9culo XXI<br \/>\nF. Carvalho Rodrigues e Lu\u00eds Ramos<br \/>\nISBN: 9789721039377<br \/>\nAno de edi\u00e7\u00e3o: 04-1995<br \/>\nEditor: Publica\u00e7\u00f5es Europa-Am\u00e9rica<br \/>\nIdioma: Portugu\u00eas<br \/>\nDimens\u00f5es: 15 x 2 x 23 cm<br \/>\nEncaderna\u00e7\u00e3o: Capa mole<br \/>\nP\u00e1ginas: 248<br \/>\nLivro Cole\u00e7\u00e3o: F\u00f3rum da Ci\u00eancia<\/p>\n","protected":false},"excerpt":{"rendered":"<p>ONTEM, UM ANJO DISSE-ME Di\u00e1logos para o S\u00e9culo XXI F. Carvalho Rodrigues e Lu\u00eds Ramos ISBN: 9789721039377 Ano de edi\u00e7\u00e3o: 04-1995 Editor: Publica\u00e7\u00f5es Europa-Am\u00e9rica Idioma: Portugu\u00eas Dimens\u00f5es: 15 x 2 x 23 cm Encaderna\u00e7\u00e3o: Capa mole P\u00e1ginas: 248 Livro Cole\u00e7\u00e3o: F\u00f3rum da Ci\u00eancia<\/p>\n","protected":false},"featured_media":266,"comment_status":"open","ping_status":"closed","template":"","meta":{"om_disable_all_campaigns":false,"_monsterinsights_skip_tracking":false,"_monsterinsights_sitenote_active":false,"_monsterinsights_sitenote_note":"","_monsterinsights_sitenote_category":0,"_uf_show_specific_survey":0,"_uf_disable_surveys":false},"product_cat":[31,62,51],"product_tag":[],"aioseo_notices":[],"jetpack_sharing_enabled":true,"_links":{"self":[{"href":"https:\/\/casadolivreiro.pt\/index.php\/wp-json\/wp\/v2\/product\/264"}],"collection":[{"href":"https:\/\/casadolivreiro.pt\/index.php\/wp-json\/wp\/v2\/product"}],"about":[{"href":"https:\/\/casadolivreiro.pt\/index.php\/wp-json\/wp\/v2\/types\/product"}],"replies":[{"embeddable":true,"href":"https:\/\/casadolivreiro.pt\/index.php\/wp-json\/wp\/v2\/comments?post=264"}],"wp:featuredmedia":[{"embeddable":true,"href":"https:\/\/casadolivreiro.pt\/index.php\/wp-json\/wp\/v2\/media\/266"}],"wp:attachment":[{"href":"https:\/\/casadolivreiro.pt\/index.php\/wp-json\/wp\/v2\/media?parent=264"}],"wp:term":[{"taxonomy":"product_cat","embeddable":true,"href":"https:\/\/casadolivreiro.pt\/index.php\/wp-json\/wp\/v2\/product_cat?post=264"},{"taxonomy":"product_tag","embeddable":true,"href":"https:\/\/casadolivreiro.pt\/index.php\/wp-json\/wp\/v2\/product_tag?post=264"}],"curies":[{"name":"wp","href":"https:\/\/api.w.org\/{rel}","templated":true}]}}