{"id":2637,"date":"2025-02-26T16:24:20","date_gmt":"2025-02-26T16:24:20","guid":{"rendered":"https:\/\/casadolivreiro.pt\/?post_type=product&#038;p=2637"},"modified":"2025-02-26T16:24:20","modified_gmt":"2025-02-26T16:24:20","slug":"kundu-morris-l-west","status":"publish","type":"product","link":"https:\/\/casadolivreiro.pt\/index.php\/product\/kundu-morris-l-west\/","title":{"rendered":"KUNDU \u2013 Morris L. West"},"content":{"rendered":"<p>KUNDU \u2013 Morris L. West<\/p>\n<p>Tradu\u00e7\u00e3o de Angela Martha<\/p>\n<p>Ano de edi\u00e7\u00e3o: 1967<\/p>\n<p>Editor: Livraria Cl\u00e1ssica Editora, Lisboa<\/p>\n<p>Idioma: Portugu\u00eas<\/p>\n<p>Dimens\u00f5es: 12.2 x 2.6 x 19cm<\/p>\n<p>Encaderna\u00e7\u00e3o: Capa mole<\/p>\n<p>P\u00e1ginas: 336<\/p>\n","protected":false},"excerpt":{"rendered":"<p>KUNDU \u2013 Morris L. West Tradu\u00e7\u00e3o de Angela Martha Ano de edi\u00e7\u00e3o: 1967 Editor: Livraria Cl\u00e1ssica Editora, Lisboa Idioma: Portugu\u00eas Dimens\u00f5es: 12.2 x 2.6 x 19cm Encaderna\u00e7\u00e3o: Capa mole P\u00e1ginas: 336<\/p>\n","protected":false},"featured_media":2638,"comment_status":"open","ping_status":"closed","template":"","meta":{"om_disable_all_campaigns":false,"_monsterinsights_skip_tracking":false,"_monsterinsights_sitenote_active":false,"_monsterinsights_sitenote_note":"","_monsterinsights_sitenote_category":0,"_uf_show_specific_survey":0,"_uf_disable_surveys":false},"product_cat":[26,37],"product_tag":[],"aioseo_notices":[],"jetpack_sharing_enabled":true,"_links":{"self":[{"href":"https:\/\/casadolivreiro.pt\/index.php\/wp-json\/wp\/v2\/product\/2637"}],"collection":[{"href":"https:\/\/casadolivreiro.pt\/index.php\/wp-json\/wp\/v2\/product"}],"about":[{"href":"https:\/\/casadolivreiro.pt\/index.php\/wp-json\/wp\/v2\/types\/product"}],"replies":[{"embeddable":true,"href":"https:\/\/casadolivreiro.pt\/index.php\/wp-json\/wp\/v2\/comments?post=2637"}],"wp:featuredmedia":[{"embeddable":true,"href":"https:\/\/casadolivreiro.pt\/index.php\/wp-json\/wp\/v2\/media\/2638"}],"wp:attachment":[{"href":"https:\/\/casadolivreiro.pt\/index.php\/wp-json\/wp\/v2\/media?parent=2637"}],"wp:term":[{"taxonomy":"product_cat","embeddable":true,"href":"https:\/\/casadolivreiro.pt\/index.php\/wp-json\/wp\/v2\/product_cat?post=2637"},{"taxonomy":"product_tag","embeddable":true,"href":"https:\/\/casadolivreiro.pt\/index.php\/wp-json\/wp\/v2\/product_tag?post=2637"}],"curies":[{"name":"wp","href":"https:\/\/api.w.org\/{rel}","templated":true}]}}