{"id":2627,"date":"2025-02-26T16:11:28","date_gmt":"2025-02-26T16:11:28","guid":{"rendered":"https:\/\/casadolivreiro.pt\/?post_type=product&#038;p=2627"},"modified":"2025-02-26T16:11:28","modified_gmt":"2025-02-26T16:11:28","slug":"a-garota-era-um-assassino-caryl-chessman","status":"publish","type":"product","link":"https:\/\/casadolivreiro.pt\/index.php\/product\/a-garota-era-um-assassino-caryl-chessman\/","title":{"rendered":"A GAROTA ERA UM ASSASSINO \u2013 Caryl Chessman"},"content":{"rendered":"<p>A GAROTA ERA UM ASSASSINO \u2013 Caryl Chessman<\/p>\n<p>Tradu\u00e7\u00e3o de Jo\u00e3o Palma-Ferreira<\/p>\n<p>Colec\u00e7\u00e3o: S\u00e9culo XX<\/p>\n<p>Ano de edi\u00e7\u00e3o: 1960<\/p>\n<p>Editor: Europa-Am\u00earica<\/p>\n<p>Idioma: Portugu\u00eas<\/p>\n<p>Dimens\u00f5es: 14 x 2.7 x 19.7cm<\/p>\n<p>Encaderna\u00e7\u00e3o: Capa mole<\/p>\n<p>P\u00e1ginas: 281<\/p>\n","protected":false},"excerpt":{"rendered":"<p>A GAROTA ERA UM ASSASSINO \u2013 Caryl Chessman Tradu\u00e7\u00e3o de Jo\u00e3o Palma-Ferreira Colec\u00e7\u00e3o: S\u00e9culo XX Ano de edi\u00e7\u00e3o: 1960 Editor: Europa-Am\u00earica Idioma: Portugu\u00eas Dimens\u00f5es: 14 x 2.7 x 19.7cm Encaderna\u00e7\u00e3o: Capa mole P\u00e1ginas: 281<\/p>\n","protected":false},"featured_media":2628,"comment_status":"open","ping_status":"closed","template":"","meta":{"om_disable_all_campaigns":false,"_monsterinsights_skip_tracking":false,"_monsterinsights_sitenote_active":false,"_monsterinsights_sitenote_note":"","_monsterinsights_sitenote_category":0,"_uf_show_specific_survey":0,"_uf_disable_surveys":false},"product_cat":[26,44],"product_tag":[],"aioseo_notices":[],"jetpack_sharing_enabled":true,"_links":{"self":[{"href":"https:\/\/casadolivreiro.pt\/index.php\/wp-json\/wp\/v2\/product\/2627"}],"collection":[{"href":"https:\/\/casadolivreiro.pt\/index.php\/wp-json\/wp\/v2\/product"}],"about":[{"href":"https:\/\/casadolivreiro.pt\/index.php\/wp-json\/wp\/v2\/types\/product"}],"replies":[{"embeddable":true,"href":"https:\/\/casadolivreiro.pt\/index.php\/wp-json\/wp\/v2\/comments?post=2627"}],"wp:featuredmedia":[{"embeddable":true,"href":"https:\/\/casadolivreiro.pt\/index.php\/wp-json\/wp\/v2\/media\/2628"}],"wp:attachment":[{"href":"https:\/\/casadolivreiro.pt\/index.php\/wp-json\/wp\/v2\/media?parent=2627"}],"wp:term":[{"taxonomy":"product_cat","embeddable":true,"href":"https:\/\/casadolivreiro.pt\/index.php\/wp-json\/wp\/v2\/product_cat?post=2627"},{"taxonomy":"product_tag","embeddable":true,"href":"https:\/\/casadolivreiro.pt\/index.php\/wp-json\/wp\/v2\/product_tag?post=2627"}],"curies":[{"name":"wp","href":"https:\/\/api.w.org\/{rel}","templated":true}]}}