{"id":2625,"date":"2025-02-26T16:09:23","date_gmt":"2025-02-26T16:09:23","guid":{"rendered":"https:\/\/casadolivreiro.pt\/?post_type=product&#038;p=2625"},"modified":"2025-02-26T17:02:45","modified_gmt":"2025-02-26T17:02:45","slug":"o-segredo-da-sibila-jean-claude-bologne","status":"publish","type":"product","link":"https:\/\/casadolivreiro.pt\/index.php\/product\/o-segredo-da-sibila-jean-claude-bologne\/","title":{"rendered":"O SEGREDO DA SIBILA \u2013 Jean Claude Bologne"},"content":{"rendered":"<p>O SEGREDO DA SIBILA \u2013 Jean Claude Bologne<\/p>\n<p>Tradu\u00e7\u00e3o de Jo\u00e3o Costa<\/p>\n<p>Ano de edi\u00e7\u00e3o: 1998<\/p>\n<p>Editor: Livros do Brasil, Lisboa<\/p>\n<p>Idioma: Portugu\u00eas<\/p>\n<p>Dimens\u00f5es: 14.3 x 1.3 x 21cm<\/p>\n<p>Encaderna\u00e7\u00e3o: Capa mole<\/p>\n<p>P\u00e1ginas: 207<\/p>\n","protected":false},"excerpt":{"rendered":"<p>O SEGREDO DA SIBILA \u2013 Jean Claude Bologne Tradu\u00e7\u00e3o de Jo\u00e3o Costa Ano de edi\u00e7\u00e3o: 1998 Editor: Livros do Brasil, Lisboa Idioma: Portugu\u00eas Dimens\u00f5es: 14.3 x 1.3 x 21cm Encaderna\u00e7\u00e3o: Capa mole P\u00e1ginas: 207<\/p>\n","protected":false},"featured_media":2659,"comment_status":"open","ping_status":"closed","template":"","meta":{"om_disable_all_campaigns":false,"_monsterinsights_skip_tracking":false,"_monsterinsights_sitenote_active":false,"_monsterinsights_sitenote_note":"","_monsterinsights_sitenote_category":0,"_uf_show_specific_survey":0,"_uf_disable_surveys":false},"product_cat":[26],"product_tag":[],"aioseo_notices":[],"jetpack_sharing_enabled":true,"_links":{"self":[{"href":"https:\/\/casadolivreiro.pt\/index.php\/wp-json\/wp\/v2\/product\/2625"}],"collection":[{"href":"https:\/\/casadolivreiro.pt\/index.php\/wp-json\/wp\/v2\/product"}],"about":[{"href":"https:\/\/casadolivreiro.pt\/index.php\/wp-json\/wp\/v2\/types\/product"}],"replies":[{"embeddable":true,"href":"https:\/\/casadolivreiro.pt\/index.php\/wp-json\/wp\/v2\/comments?post=2625"}],"wp:featuredmedia":[{"embeddable":true,"href":"https:\/\/casadolivreiro.pt\/index.php\/wp-json\/wp\/v2\/media\/2659"}],"wp:attachment":[{"href":"https:\/\/casadolivreiro.pt\/index.php\/wp-json\/wp\/v2\/media?parent=2625"}],"wp:term":[{"taxonomy":"product_cat","embeddable":true,"href":"https:\/\/casadolivreiro.pt\/index.php\/wp-json\/wp\/v2\/product_cat?post=2625"},{"taxonomy":"product_tag","embeddable":true,"href":"https:\/\/casadolivreiro.pt\/index.php\/wp-json\/wp\/v2\/product_tag?post=2625"}],"curies":[{"name":"wp","href":"https:\/\/api.w.org\/{rel}","templated":true}]}}