{"id":2623,"date":"2025-02-26T16:06:44","date_gmt":"2025-02-26T16:06:44","guid":{"rendered":"https:\/\/casadolivreiro.pt\/?post_type=product&#038;p=2623"},"modified":"2025-02-26T16:06:45","modified_gmt":"2025-02-26T16:06:45","slug":"paloverde-i-o-caminho-da-gloria-jacqueline-briskin","status":"publish","type":"product","link":"https:\/\/casadolivreiro.pt\/index.php\/product\/paloverde-i-o-caminho-da-gloria-jacqueline-briskin\/","title":{"rendered":"PALOVERDE: I. O CAMINHO DA GL\u00d3RIA \u2013 Jacqueline Briskin"},"content":{"rendered":"<p>PALOVERDE: I. O CAMINHO DA GL\u00d3RIA \u2013 Jacqueline Briskin<\/p>\n<p>Tradu\u00e7\u00e3o de Sara Seruya<\/p>\n<p>Colec\u00e7\u00e3o: S\u00e9culo XX<\/p>\n<p>Ano de edi\u00e7\u00e3o: 1979<\/p>\n<p>Editor: Europa-Am\u00earica<\/p>\n<p>Idioma: Portugu\u00eas<\/p>\n<p>Dimens\u00f5es: 14 x 1.5 x 20.7cm<\/p>\n<p>Encaderna\u00e7\u00e3o: Capa mole<\/p>\n<p>P\u00e1ginas: 295<\/p>\n","protected":false},"excerpt":{"rendered":"<p>PALOVERDE: I. O CAMINHO DA GL\u00d3RIA \u2013 Jacqueline Briskin Tradu\u00e7\u00e3o de Sara Seruya Colec\u00e7\u00e3o: S\u00e9culo XX Ano de edi\u00e7\u00e3o: 1979 Editor: Europa-Am\u00earica Idioma: Portugu\u00eas Dimens\u00f5es: 14 x 1.5 x 20.7cm Encaderna\u00e7\u00e3o: Capa mole P\u00e1ginas: 295<\/p>\n","protected":false},"featured_media":2624,"comment_status":"open","ping_status":"closed","template":"","meta":{"om_disable_all_campaigns":false,"_monsterinsights_skip_tracking":false,"_monsterinsights_sitenote_active":false,"_monsterinsights_sitenote_note":"","_monsterinsights_sitenote_category":0,"_uf_show_specific_survey":0,"_uf_disable_surveys":false},"product_cat":[26,37],"product_tag":[],"aioseo_notices":[],"jetpack_sharing_enabled":true,"_links":{"self":[{"href":"https:\/\/casadolivreiro.pt\/index.php\/wp-json\/wp\/v2\/product\/2623"}],"collection":[{"href":"https:\/\/casadolivreiro.pt\/index.php\/wp-json\/wp\/v2\/product"}],"about":[{"href":"https:\/\/casadolivreiro.pt\/index.php\/wp-json\/wp\/v2\/types\/product"}],"replies":[{"embeddable":true,"href":"https:\/\/casadolivreiro.pt\/index.php\/wp-json\/wp\/v2\/comments?post=2623"}],"wp:featuredmedia":[{"embeddable":true,"href":"https:\/\/casadolivreiro.pt\/index.php\/wp-json\/wp\/v2\/media\/2624"}],"wp:attachment":[{"href":"https:\/\/casadolivreiro.pt\/index.php\/wp-json\/wp\/v2\/media?parent=2623"}],"wp:term":[{"taxonomy":"product_cat","embeddable":true,"href":"https:\/\/casadolivreiro.pt\/index.php\/wp-json\/wp\/v2\/product_cat?post=2623"},{"taxonomy":"product_tag","embeddable":true,"href":"https:\/\/casadolivreiro.pt\/index.php\/wp-json\/wp\/v2\/product_tag?post=2623"}],"curies":[{"name":"wp","href":"https:\/\/api.w.org\/{rel}","templated":true}]}}