{"id":2615,"date":"2025-02-25T14:50:27","date_gmt":"2025-02-25T14:50:27","guid":{"rendered":"https:\/\/casadolivreiro.pt\/?post_type=product&#038;p=2615"},"modified":"2025-02-25T14:50:27","modified_gmt":"2025-02-25T14:50:27","slug":"das-madchen-mit-dem-die-kinder-nicht-verkehren-durften-irmgard-keun","status":"publish","type":"product","link":"https:\/\/casadolivreiro.pt\/index.php\/product\/das-madchen-mit-dem-die-kinder-nicht-verkehren-durften-irmgard-keun\/","title":{"rendered":"DAS M\u00c4DCHEN, MIT DEM DIE KINDER NICHT VERKEHREN DURFTEN &#8211; Irmgard Keun"},"content":{"rendered":"<p>DAS M\u00c4DCHEN, MIT DEM DIE KINDER NICHT VERKEHREN DURFTEN<\/p>\n<p>Irmgard Keun<\/p>\n<p>Ano de edi\u00e7\u00e3o: 1980<\/p>\n<p>Editor: Claassen Verlag GmbH, D\u00fcsseldorf<\/p>\n<p>Idioma: Alem\u00e2o<\/p>\n<p>Dimens\u00f5es: 13.5\u00a0 x 2.4 x 21 cm<\/p>\n<p>Encaderna\u00e7\u00e3o: Capa dura<\/p>\n<p>P\u00e1ginas: 208<\/p>\n","protected":false},"excerpt":{"rendered":"<p>DAS M\u00c4DCHEN, MIT DEM DIE KINDER NICHT VERKEHREN DURFTEN Irmgard Keun Ano de edi\u00e7\u00e3o: 1980 Editor: Claassen Verlag GmbH, D\u00fcsseldorf Idioma: Alem\u00e2o Dimens\u00f5es: 13.5\u00a0 x 2.4 x 21 cm Encaderna\u00e7\u00e3o: Capa dura P\u00e1ginas: 208<\/p>\n","protected":false},"featured_media":2616,"comment_status":"open","ping_status":"closed","template":"","meta":{"om_disable_all_campaigns":false,"_monsterinsights_skip_tracking":false,"_monsterinsights_sitenote_active":false,"_monsterinsights_sitenote_note":"","_monsterinsights_sitenote_category":0,"_uf_show_specific_survey":0,"_uf_disable_surveys":false},"product_cat":[58],"product_tag":[],"aioseo_notices":[],"jetpack_sharing_enabled":true,"_links":{"self":[{"href":"https:\/\/casadolivreiro.pt\/index.php\/wp-json\/wp\/v2\/product\/2615"}],"collection":[{"href":"https:\/\/casadolivreiro.pt\/index.php\/wp-json\/wp\/v2\/product"}],"about":[{"href":"https:\/\/casadolivreiro.pt\/index.php\/wp-json\/wp\/v2\/types\/product"}],"replies":[{"embeddable":true,"href":"https:\/\/casadolivreiro.pt\/index.php\/wp-json\/wp\/v2\/comments?post=2615"}],"wp:featuredmedia":[{"embeddable":true,"href":"https:\/\/casadolivreiro.pt\/index.php\/wp-json\/wp\/v2\/media\/2616"}],"wp:attachment":[{"href":"https:\/\/casadolivreiro.pt\/index.php\/wp-json\/wp\/v2\/media?parent=2615"}],"wp:term":[{"taxonomy":"product_cat","embeddable":true,"href":"https:\/\/casadolivreiro.pt\/index.php\/wp-json\/wp\/v2\/product_cat?post=2615"},{"taxonomy":"product_tag","embeddable":true,"href":"https:\/\/casadolivreiro.pt\/index.php\/wp-json\/wp\/v2\/product_tag?post=2615"}],"curies":[{"name":"wp","href":"https:\/\/api.w.org\/{rel}","templated":true}]}}