{"id":2607,"date":"2025-02-25T14:28:55","date_gmt":"2025-02-25T14:28:55","guid":{"rendered":"https:\/\/casadolivreiro.pt\/?post_type=product&#038;p=2607"},"modified":"2025-02-25T14:28:55","modified_gmt":"2025-02-25T14:28:55","slug":"minna-von-barnhelm-emilia-galotti-nathan-der-weise-gotthold-ephraim-lessing","status":"publish","type":"product","link":"https:\/\/casadolivreiro.pt\/index.php\/product\/minna-von-barnhelm-emilia-galotti-nathan-der-weise-gotthold-ephraim-lessing\/","title":{"rendered":"MINNA VON BARNHELM \/ EMILIA GALOTTI \/ NATHAN  DER WEISE &#8211; Gotthold Ephraim Lessing"},"content":{"rendered":"<p>MINNA VON BARNHELM \/ EMILIA GALOTTI \/ NATHAN\u00a0 DER WEISE<\/p>\n<p>Gotthold Ephraim Lessing<\/p>\n<p>Ano de edi\u00e7\u00e3o: 1967<\/p>\n<p>Editor: Rowohlt Tachenbuch Verlag GmbH, Reinbek<\/p>\n<p>Idioma: Alem\u00e2o<\/p>\n<p>Dimens\u00f5es: 11.5\u00a0 x 1.6 x 19 cm<\/p>\n<p>Encaderna\u00e7\u00e3o: Capa mole<\/p>\n<p>P\u00e1ginas: 268<\/p>\n","protected":false},"excerpt":{"rendered":"<p>MINNA VON BARNHELM \/ EMILIA GALOTTI \/ NATHAN\u00a0 DER WEISE Gotthold Ephraim Lessing Ano de edi\u00e7\u00e3o: 1967 Editor: Rowohlt Tachenbuch Verlag GmbH, Reinbek Idioma: Alem\u00e2o Dimens\u00f5es: 11.5\u00a0 x 1.6 x 19 cm Encaderna\u00e7\u00e3o: Capa mole P\u00e1ginas: 268<\/p>\n","protected":false},"featured_media":2608,"comment_status":"open","ping_status":"closed","template":"","meta":{"om_disable_all_campaigns":false,"_monsterinsights_skip_tracking":false,"_monsterinsights_sitenote_active":false,"_monsterinsights_sitenote_note":"","_monsterinsights_sitenote_category":0,"_uf_show_specific_survey":0,"_uf_disable_surveys":false},"product_cat":[58],"product_tag":[],"aioseo_notices":[],"jetpack_sharing_enabled":true,"_links":{"self":[{"href":"https:\/\/casadolivreiro.pt\/index.php\/wp-json\/wp\/v2\/product\/2607"}],"collection":[{"href":"https:\/\/casadolivreiro.pt\/index.php\/wp-json\/wp\/v2\/product"}],"about":[{"href":"https:\/\/casadolivreiro.pt\/index.php\/wp-json\/wp\/v2\/types\/product"}],"replies":[{"embeddable":true,"href":"https:\/\/casadolivreiro.pt\/index.php\/wp-json\/wp\/v2\/comments?post=2607"}],"wp:featuredmedia":[{"embeddable":true,"href":"https:\/\/casadolivreiro.pt\/index.php\/wp-json\/wp\/v2\/media\/2608"}],"wp:attachment":[{"href":"https:\/\/casadolivreiro.pt\/index.php\/wp-json\/wp\/v2\/media?parent=2607"}],"wp:term":[{"taxonomy":"product_cat","embeddable":true,"href":"https:\/\/casadolivreiro.pt\/index.php\/wp-json\/wp\/v2\/product_cat?post=2607"},{"taxonomy":"product_tag","embeddable":true,"href":"https:\/\/casadolivreiro.pt\/index.php\/wp-json\/wp\/v2\/product_tag?post=2607"}],"curies":[{"name":"wp","href":"https:\/\/api.w.org\/{rel}","templated":true}]}}