{"id":2605,"date":"2025-02-25T13:49:32","date_gmt":"2025-02-25T13:49:32","guid":{"rendered":"https:\/\/casadolivreiro.pt\/?post_type=product&#038;p=2605"},"modified":"2025-02-25T13:49:32","modified_gmt":"2025-02-25T13:49:32","slug":"alte-filme-eine-berliner-geschichte-klaus-schlesinger","status":"publish","type":"product","link":"https:\/\/casadolivreiro.pt\/index.php\/product\/alte-filme-eine-berliner-geschichte-klaus-schlesinger\/","title":{"rendered":"ALTE FILME: Eine Berliner Geschichte &#8211; Klaus Schlesinger"},"content":{"rendered":"<p>ALTE FILME: Eine Berliner Geschichte<\/p>\n<p>Klaus Schlesinger<\/p>\n<p>Ano de edi\u00e7\u00e3o: 1984<\/p>\n<p>Editor: Fischer Tachenbuch Verlag<\/p>\n<p>Idioma: Alem\u00e2o<\/p>\n<p>Dimens\u00f5es: 10.5\u00a0 x 0.9 x 18 cm<\/p>\n<p>Encaderna\u00e7\u00e3o: Capa mole<\/p>\n<p>P\u00e1ginas: 127<\/p>\n","protected":false},"excerpt":{"rendered":"<p>ALTE FILME: Eine Berliner Geschichte Klaus Schlesinger Ano de edi\u00e7\u00e3o: 1984 Editor: Fischer Tachenbuch Verlag Idioma: Alem\u00e2o Dimens\u00f5es: 10.5\u00a0 x 0.9 x 18 cm Encaderna\u00e7\u00e3o: Capa mole P\u00e1ginas: 127<\/p>\n","protected":false},"featured_media":2606,"comment_status":"open","ping_status":"closed","template":"","meta":{"om_disable_all_campaigns":false,"_monsterinsights_skip_tracking":false,"_monsterinsights_sitenote_active":false,"_monsterinsights_sitenote_note":"","_monsterinsights_sitenote_category":0,"_uf_show_specific_survey":0,"_uf_disable_surveys":false},"product_cat":[58],"product_tag":[],"aioseo_notices":[],"jetpack_sharing_enabled":true,"_links":{"self":[{"href":"https:\/\/casadolivreiro.pt\/index.php\/wp-json\/wp\/v2\/product\/2605"}],"collection":[{"href":"https:\/\/casadolivreiro.pt\/index.php\/wp-json\/wp\/v2\/product"}],"about":[{"href":"https:\/\/casadolivreiro.pt\/index.php\/wp-json\/wp\/v2\/types\/product"}],"replies":[{"embeddable":true,"href":"https:\/\/casadolivreiro.pt\/index.php\/wp-json\/wp\/v2\/comments?post=2605"}],"wp:featuredmedia":[{"embeddable":true,"href":"https:\/\/casadolivreiro.pt\/index.php\/wp-json\/wp\/v2\/media\/2606"}],"wp:attachment":[{"href":"https:\/\/casadolivreiro.pt\/index.php\/wp-json\/wp\/v2\/media?parent=2605"}],"wp:term":[{"taxonomy":"product_cat","embeddable":true,"href":"https:\/\/casadolivreiro.pt\/index.php\/wp-json\/wp\/v2\/product_cat?post=2605"},{"taxonomy":"product_tag","embeddable":true,"href":"https:\/\/casadolivreiro.pt\/index.php\/wp-json\/wp\/v2\/product_tag?post=2605"}],"curies":[{"name":"wp","href":"https:\/\/api.w.org\/{rel}","templated":true}]}}