{"id":2601,"date":"2025-02-25T13:19:41","date_gmt":"2025-02-25T13:19:41","guid":{"rendered":"https:\/\/casadolivreiro.pt\/?post_type=product&#038;p=2601"},"modified":"2025-02-25T13:19:41","modified_gmt":"2025-02-25T13:19:41","slug":"gedichte-christian-morgenstern","status":"publish","type":"product","link":"https:\/\/casadolivreiro.pt\/index.php\/product\/gedichte-christian-morgenstern\/","title":{"rendered":"GEDICHTE Christian Morgenstern"},"content":{"rendered":"<p>GEDICHTE<\/p>\n<p>Christian Morgenstern<\/p>\n<p>Ano de edi\u00e7\u00e3o: 1957<\/p>\n<p>Editor: Fischer B\u00fccherei<\/p>\n<p>Idioma: Alem\u00e2o<\/p>\n<p>Dimens\u00f5es: 11\u00a0 x 0.9 x 18 cm<\/p>\n<p>Encaderna\u00e7\u00e3o: Capa mole<\/p>\n<p>P\u00e1ginas: 196<\/p>\n","protected":false},"excerpt":{"rendered":"<p>GEDICHTE Christian Morgenstern Ano de edi\u00e7\u00e3o: 1957 Editor: Fischer B\u00fccherei Idioma: Alem\u00e2o Dimens\u00f5es: 11\u00a0 x 0.9 x 18 cm Encaderna\u00e7\u00e3o: Capa mole P\u00e1ginas: 196<\/p>\n","protected":false},"featured_media":2602,"comment_status":"open","ping_status":"closed","template":"","meta":{"om_disable_all_campaigns":false,"_monsterinsights_skip_tracking":false,"_monsterinsights_sitenote_active":false,"_monsterinsights_sitenote_note":"","_monsterinsights_sitenote_category":0,"_uf_show_specific_survey":0,"_uf_disable_surveys":false},"product_cat":[58,27],"product_tag":[],"aioseo_notices":[],"jetpack_sharing_enabled":true,"_links":{"self":[{"href":"https:\/\/casadolivreiro.pt\/index.php\/wp-json\/wp\/v2\/product\/2601"}],"collection":[{"href":"https:\/\/casadolivreiro.pt\/index.php\/wp-json\/wp\/v2\/product"}],"about":[{"href":"https:\/\/casadolivreiro.pt\/index.php\/wp-json\/wp\/v2\/types\/product"}],"replies":[{"embeddable":true,"href":"https:\/\/casadolivreiro.pt\/index.php\/wp-json\/wp\/v2\/comments?post=2601"}],"wp:featuredmedia":[{"embeddable":true,"href":"https:\/\/casadolivreiro.pt\/index.php\/wp-json\/wp\/v2\/media\/2602"}],"wp:attachment":[{"href":"https:\/\/casadolivreiro.pt\/index.php\/wp-json\/wp\/v2\/media?parent=2601"}],"wp:term":[{"taxonomy":"product_cat","embeddable":true,"href":"https:\/\/casadolivreiro.pt\/index.php\/wp-json\/wp\/v2\/product_cat?post=2601"},{"taxonomy":"product_tag","embeddable":true,"href":"https:\/\/casadolivreiro.pt\/index.php\/wp-json\/wp\/v2\/product_tag?post=2601"}],"curies":[{"name":"wp","href":"https:\/\/api.w.org\/{rel}","templated":true}]}}