{"id":260,"date":"2024-03-07T16:42:59","date_gmt":"2024-03-07T16:42:59","guid":{"rendered":"https:\/\/casadolivreiro.pt\/?post_type=product&#038;p=260"},"modified":"2024-03-07T16:42:59","modified_gmt":"2024-03-07T16:42:59","slug":"sem-papas-na-lingua-memorias-beatriz-costa","status":"publish","type":"product","link":"https:\/\/casadolivreiro.pt\/index.php\/product\/sem-papas-na-lingua-memorias-beatriz-costa\/","title":{"rendered":"SEM PAPAS NA LINGUA &#8211; Mem\u00f3rias Beatriz Costa"},"content":{"rendered":"<p>SEM PAPAS NA LINGUA Mem\u00f3rias<br \/>\nBeatriz Costa<br \/>\nPref\u00e1cio de Jorge Amado.<\/p>\n<p>Editor:\u00a0 Publica\u00e7\u00f5es Europa-Am\u00e9rica. Mem Martins<br \/>\nData de Lan\u00e7amento:\u00a0 1976<br \/>\nIdioma:\u00a0 Portugu\u00eas<br \/>\nDimens\u00f5es: 14 x 1.8 x 21cm<br \/>\nEncaderna\u00e7\u00e3o: Capa mole<br \/>\nP\u00e1ginas:291<\/p>\n<p>Galeria de figuras imortais de Portugal e do Brasil, pela pena cr\u00edtica de uma das mais conhecidas portuguesas, que resolveu contar tudo, sem papas na l\u00edngua.<br \/>\nCr\u00f3nica indispens\u00e1vel, para se conhecer a sociedade portuguesa \u2014 os podres e os doces dos muito conhecidos, daqueles que o p\u00fablico resolveu adorar.<br \/>\nDe uma das mais populares portuguesas do s\u00e9culo XX, \u00fanica a rivalizar na fama com Am\u00e1lia Rodrigues.<\/p>\n","protected":false},"excerpt":{"rendered":"<p>SEM PAPAS NA LINGUA Mem\u00f3rias Beatriz Costa Pref\u00e1cio de Jorge Amado. Editor:\u00a0 Publica\u00e7\u00f5es Europa-Am\u00e9rica. Mem Martins Data de Lan\u00e7amento:\u00a0 1976 Idioma:\u00a0 Portugu\u00eas Dimens\u00f5es: 14 x 1.8 x 21cm Encaderna\u00e7\u00e3o: Capa mole P\u00e1ginas:291 Galeria de figuras imortais de Portugal e do Brasil, pela pena cr\u00edtica de uma das mais conhecidas portuguesas, que resolveu contar tudo, sem [&hellip;]<\/p>\n","protected":false},"featured_media":261,"comment_status":"open","ping_status":"closed","template":"","meta":{"om_disable_all_campaigns":false,"_monsterinsights_skip_tracking":false,"_monsterinsights_sitenote_active":false,"_monsterinsights_sitenote_note":"","_monsterinsights_sitenote_category":0,"_uf_show_specific_survey":0,"_uf_disable_surveys":false},"product_cat":[36,62,63],"product_tag":[],"aioseo_notices":[],"jetpack_sharing_enabled":true,"_links":{"self":[{"href":"https:\/\/casadolivreiro.pt\/index.php\/wp-json\/wp\/v2\/product\/260"}],"collection":[{"href":"https:\/\/casadolivreiro.pt\/index.php\/wp-json\/wp\/v2\/product"}],"about":[{"href":"https:\/\/casadolivreiro.pt\/index.php\/wp-json\/wp\/v2\/types\/product"}],"replies":[{"embeddable":true,"href":"https:\/\/casadolivreiro.pt\/index.php\/wp-json\/wp\/v2\/comments?post=260"}],"wp:featuredmedia":[{"embeddable":true,"href":"https:\/\/casadolivreiro.pt\/index.php\/wp-json\/wp\/v2\/media\/261"}],"wp:attachment":[{"href":"https:\/\/casadolivreiro.pt\/index.php\/wp-json\/wp\/v2\/media?parent=260"}],"wp:term":[{"taxonomy":"product_cat","embeddable":true,"href":"https:\/\/casadolivreiro.pt\/index.php\/wp-json\/wp\/v2\/product_cat?post=260"},{"taxonomy":"product_tag","embeddable":true,"href":"https:\/\/casadolivreiro.pt\/index.php\/wp-json\/wp\/v2\/product_tag?post=260"}],"curies":[{"name":"wp","href":"https:\/\/api.w.org\/{rel}","templated":true}]}}