{"id":2599,"date":"2025-02-25T13:16:43","date_gmt":"2025-02-25T13:16:43","guid":{"rendered":"https:\/\/casadolivreiro.pt\/?post_type=product&#038;p=2599"},"modified":"2025-02-25T13:16:43","modified_gmt":"2025-02-25T13:16:43","slug":"deutsche-prosa-erzahlungen-seit-1945-herausgegeben-von-horst-bingel","status":"publish","type":"product","link":"https:\/\/casadolivreiro.pt\/index.php\/product\/deutsche-prosa-erzahlungen-seit-1945-herausgegeben-von-horst-bingel\/","title":{"rendered":"DEUTSCHE PROSA ERZ\u00c4HLUNGEN SEIT 1945 &#8211; Herausgegeben von Horst Bingel"},"content":{"rendered":"<p>DEUTSCHE PROSA ERZ\u00c4HLUNGEN SEIT 1945<\/p>\n<p>Herausgegeben von Horst Bingel<\/p>\n<p>Ano de edi\u00e7\u00e3o: 1968<\/p>\n<p>Editor: Deutscher Taschenbuch Verlag GmbH, M\u00fcnchen<\/p>\n<p>Idioma: Alem\u00e2o<\/p>\n<p>Dimens\u00f5es: 11\u00a0 x 2.1 x 18 cm<\/p>\n<p>Encaderna\u00e7\u00e3o: Capa mole<\/p>\n<p>P\u00e1ginas: 196<\/p>\n","protected":false},"excerpt":{"rendered":"<p>DEUTSCHE PROSA ERZ\u00c4HLUNGEN SEIT 1945 Herausgegeben von Horst Bingel Ano de edi\u00e7\u00e3o: 1968 Editor: Deutscher Taschenbuch Verlag GmbH, M\u00fcnchen Idioma: Alem\u00e2o Dimens\u00f5es: 11\u00a0 x 2.1 x 18 cm Encaderna\u00e7\u00e3o: Capa mole P\u00e1ginas: 196<\/p>\n","protected":false},"featured_media":2600,"comment_status":"open","ping_status":"closed","template":"","meta":{"om_disable_all_campaigns":false,"_monsterinsights_skip_tracking":false,"_monsterinsights_sitenote_active":false,"_monsterinsights_sitenote_note":"","_monsterinsights_sitenote_category":0,"_uf_show_specific_survey":0,"_uf_disable_surveys":false},"product_cat":[58],"product_tag":[],"aioseo_notices":[],"jetpack_sharing_enabled":true,"_links":{"self":[{"href":"https:\/\/casadolivreiro.pt\/index.php\/wp-json\/wp\/v2\/product\/2599"}],"collection":[{"href":"https:\/\/casadolivreiro.pt\/index.php\/wp-json\/wp\/v2\/product"}],"about":[{"href":"https:\/\/casadolivreiro.pt\/index.php\/wp-json\/wp\/v2\/types\/product"}],"replies":[{"embeddable":true,"href":"https:\/\/casadolivreiro.pt\/index.php\/wp-json\/wp\/v2\/comments?post=2599"}],"wp:featuredmedia":[{"embeddable":true,"href":"https:\/\/casadolivreiro.pt\/index.php\/wp-json\/wp\/v2\/media\/2600"}],"wp:attachment":[{"href":"https:\/\/casadolivreiro.pt\/index.php\/wp-json\/wp\/v2\/media?parent=2599"}],"wp:term":[{"taxonomy":"product_cat","embeddable":true,"href":"https:\/\/casadolivreiro.pt\/index.php\/wp-json\/wp\/v2\/product_cat?post=2599"},{"taxonomy":"product_tag","embeddable":true,"href":"https:\/\/casadolivreiro.pt\/index.php\/wp-json\/wp\/v2\/product_tag?post=2599"}],"curies":[{"name":"wp","href":"https:\/\/api.w.org\/{rel}","templated":true}]}}