{"id":2597,"date":"2025-02-25T13:10:00","date_gmt":"2025-02-25T13:10:00","guid":{"rendered":"https:\/\/casadolivreiro.pt\/?post_type=product&#038;p=2597"},"modified":"2025-02-25T13:10:00","modified_gmt":"2025-02-25T13:10:00","slug":"der-mauerspringer-erzahlung-peter-schneider","status":"publish","type":"product","link":"https:\/\/casadolivreiro.pt\/index.php\/product\/der-mauerspringer-erzahlung-peter-schneider\/","title":{"rendered":"DER MAUERSPRINGER, Erz\u00e4hlung &#8211; Peter Schneider"},"content":{"rendered":"<p>DER MAUERSPRINGER, Erz\u00e4hlung<\/p>\n<p>Peter Schneider<\/p>\n<p>Ano de edi\u00e7\u00e3o: 1984<\/p>\n<p>Editor: Sammlung Luchterhand<\/p>\n<p>Idioma: Alem\u00e2o<\/p>\n<p>Dimens\u00f5es: 11.5\u00a0 x 0.8 x 18 cm<\/p>\n<p>Encaderna\u00e7\u00e3o: Capa mole<\/p>\n<p>P\u00e1ginas: 118<\/p>\n","protected":false},"excerpt":{"rendered":"<p>DER MAUERSPRINGER, Erz\u00e4hlung Peter Schneider Ano de edi\u00e7\u00e3o: 1984 Editor: Sammlung Luchterhand Idioma: Alem\u00e2o Dimens\u00f5es: 11.5\u00a0 x 0.8 x 18 cm Encaderna\u00e7\u00e3o: Capa mole P\u00e1ginas: 118<\/p>\n","protected":false},"featured_media":2598,"comment_status":"open","ping_status":"closed","template":"","meta":{"om_disable_all_campaigns":false,"_monsterinsights_skip_tracking":false,"_monsterinsights_sitenote_active":false,"_monsterinsights_sitenote_note":"","_monsterinsights_sitenote_category":0,"_uf_show_specific_survey":0,"_uf_disable_surveys":false},"product_cat":[58],"product_tag":[],"aioseo_notices":[],"jetpack_sharing_enabled":true,"_links":{"self":[{"href":"https:\/\/casadolivreiro.pt\/index.php\/wp-json\/wp\/v2\/product\/2597"}],"collection":[{"href":"https:\/\/casadolivreiro.pt\/index.php\/wp-json\/wp\/v2\/product"}],"about":[{"href":"https:\/\/casadolivreiro.pt\/index.php\/wp-json\/wp\/v2\/types\/product"}],"replies":[{"embeddable":true,"href":"https:\/\/casadolivreiro.pt\/index.php\/wp-json\/wp\/v2\/comments?post=2597"}],"wp:featuredmedia":[{"embeddable":true,"href":"https:\/\/casadolivreiro.pt\/index.php\/wp-json\/wp\/v2\/media\/2598"}],"wp:attachment":[{"href":"https:\/\/casadolivreiro.pt\/index.php\/wp-json\/wp\/v2\/media?parent=2597"}],"wp:term":[{"taxonomy":"product_cat","embeddable":true,"href":"https:\/\/casadolivreiro.pt\/index.php\/wp-json\/wp\/v2\/product_cat?post=2597"},{"taxonomy":"product_tag","embeddable":true,"href":"https:\/\/casadolivreiro.pt\/index.php\/wp-json\/wp\/v2\/product_tag?post=2597"}],"curies":[{"name":"wp","href":"https:\/\/api.w.org\/{rel}","templated":true}]}}