{"id":2595,"date":"2025-02-25T13:07:23","date_gmt":"2025-02-25T13:07:23","guid":{"rendered":"https:\/\/casadolivreiro.pt\/?post_type=product&#038;p=2595"},"modified":"2025-02-25T13:07:23","modified_gmt":"2025-02-25T13:07:23","slug":"der-vater-eines-morders-alfred-andersch","status":"publish","type":"product","link":"https:\/\/casadolivreiro.pt\/index.php\/product\/der-vater-eines-morders-alfred-andersch\/","title":{"rendered":"DER VATER EINES M\u00d6RDERS &#8211; Alfred Andersch"},"content":{"rendered":"<p>DER VATER EINES M\u00d6RDERS<\/p>\n<p>Alfred Andersch<\/p>\n<p>Ano de edi\u00e7\u00e3o: 1982<\/p>\n<p>Editor: Diogenes Tachenbuch, Z\u00fcrich<\/p>\n<p>Idioma: Alem\u00e2o<\/p>\n<p>Dimens\u00f5es: 11.3\u00a0 x 1 x 18 cm<\/p>\n<p>Encaderna\u00e7\u00e3o: Capa mole<\/p>\n<p>P\u00e1ginas: 127<\/p>\n","protected":false},"excerpt":{"rendered":"<p>DER VATER EINES M\u00d6RDERS Alfred Andersch Ano de edi\u00e7\u00e3o: 1982 Editor: Diogenes Tachenbuch, Z\u00fcrich Idioma: Alem\u00e2o Dimens\u00f5es: 11.3\u00a0 x 1 x 18 cm Encaderna\u00e7\u00e3o: Capa mole P\u00e1ginas: 127<\/p>\n","protected":false},"featured_media":2596,"comment_status":"open","ping_status":"closed","template":"","meta":{"om_disable_all_campaigns":false,"_monsterinsights_skip_tracking":false,"_monsterinsights_sitenote_active":false,"_monsterinsights_sitenote_note":"","_monsterinsights_sitenote_category":0,"_uf_show_specific_survey":0,"_uf_disable_surveys":false},"product_cat":[58],"product_tag":[],"aioseo_notices":[],"jetpack_sharing_enabled":true,"_links":{"self":[{"href":"https:\/\/casadolivreiro.pt\/index.php\/wp-json\/wp\/v2\/product\/2595"}],"collection":[{"href":"https:\/\/casadolivreiro.pt\/index.php\/wp-json\/wp\/v2\/product"}],"about":[{"href":"https:\/\/casadolivreiro.pt\/index.php\/wp-json\/wp\/v2\/types\/product"}],"replies":[{"embeddable":true,"href":"https:\/\/casadolivreiro.pt\/index.php\/wp-json\/wp\/v2\/comments?post=2595"}],"wp:featuredmedia":[{"embeddable":true,"href":"https:\/\/casadolivreiro.pt\/index.php\/wp-json\/wp\/v2\/media\/2596"}],"wp:attachment":[{"href":"https:\/\/casadolivreiro.pt\/index.php\/wp-json\/wp\/v2\/media?parent=2595"}],"wp:term":[{"taxonomy":"product_cat","embeddable":true,"href":"https:\/\/casadolivreiro.pt\/index.php\/wp-json\/wp\/v2\/product_cat?post=2595"},{"taxonomy":"product_tag","embeddable":true,"href":"https:\/\/casadolivreiro.pt\/index.php\/wp-json\/wp\/v2\/product_tag?post=2595"}],"curies":[{"name":"wp","href":"https:\/\/api.w.org\/{rel}","templated":true}]}}