{"id":2593,"date":"2025-02-25T13:04:28","date_gmt":"2025-02-25T13:04:28","guid":{"rendered":"https:\/\/casadolivreiro.pt\/?post_type=product&#038;p=2593"},"modified":"2025-02-25T13:04:28","modified_gmt":"2025-02-25T13:04:28","slug":"brot-und-spiele-siegfried-lenz","status":"publish","type":"product","link":"https:\/\/casadolivreiro.pt\/index.php\/product\/brot-und-spiele-siegfried-lenz\/","title":{"rendered":"BROT UND SPIELE &#8211; Siegfried Lenz"},"content":{"rendered":"<p>BROT UND SPIELE<\/p>\n<p>Siegfried Lenz<\/p>\n<p>Ano de edi\u00e7\u00e3o: 1964<\/p>\n<p>Editor: Deutschen Tachenbuch Verlag GmbH, M\u00fcnchen<\/p>\n<p>Idioma: Alem\u00e2o<\/p>\n<p>Dimens\u00f5es: 10.8\u00a0 x 0.9 x 18 cm<\/p>\n<p>Encaderna\u00e7\u00e3o: Capa mole<\/p>\n<p>P\u00e1ginas: 173<\/p>\n","protected":false},"excerpt":{"rendered":"<p>BROT UND SPIELE Siegfried Lenz Ano de edi\u00e7\u00e3o: 1964 Editor: Deutschen Tachenbuch Verlag GmbH, M\u00fcnchen Idioma: Alem\u00e2o Dimens\u00f5es: 10.8\u00a0 x 0.9 x 18 cm Encaderna\u00e7\u00e3o: Capa mole P\u00e1ginas: 173<\/p>\n","protected":false},"featured_media":2594,"comment_status":"open","ping_status":"closed","template":"","meta":{"om_disable_all_campaigns":false,"_monsterinsights_skip_tracking":false,"_monsterinsights_sitenote_active":false,"_monsterinsights_sitenote_note":"","_monsterinsights_sitenote_category":0,"_uf_show_specific_survey":0,"_uf_disable_surveys":false},"product_cat":[58,37],"product_tag":[],"aioseo_notices":[],"jetpack_sharing_enabled":true,"_links":{"self":[{"href":"https:\/\/casadolivreiro.pt\/index.php\/wp-json\/wp\/v2\/product\/2593"}],"collection":[{"href":"https:\/\/casadolivreiro.pt\/index.php\/wp-json\/wp\/v2\/product"}],"about":[{"href":"https:\/\/casadolivreiro.pt\/index.php\/wp-json\/wp\/v2\/types\/product"}],"replies":[{"embeddable":true,"href":"https:\/\/casadolivreiro.pt\/index.php\/wp-json\/wp\/v2\/comments?post=2593"}],"wp:featuredmedia":[{"embeddable":true,"href":"https:\/\/casadolivreiro.pt\/index.php\/wp-json\/wp\/v2\/media\/2594"}],"wp:attachment":[{"href":"https:\/\/casadolivreiro.pt\/index.php\/wp-json\/wp\/v2\/media?parent=2593"}],"wp:term":[{"taxonomy":"product_cat","embeddable":true,"href":"https:\/\/casadolivreiro.pt\/index.php\/wp-json\/wp\/v2\/product_cat?post=2593"},{"taxonomy":"product_tag","embeddable":true,"href":"https:\/\/casadolivreiro.pt\/index.php\/wp-json\/wp\/v2\/product_tag?post=2593"}],"curies":[{"name":"wp","href":"https:\/\/api.w.org\/{rel}","templated":true}]}}