{"id":2591,"date":"2025-02-25T12:58:25","date_gmt":"2025-02-25T12:58:25","guid":{"rendered":"https:\/\/casadolivreiro.pt\/?post_type=product&#038;p=2591"},"modified":"2025-02-25T12:58:25","modified_gmt":"2025-02-25T12:58:25","slug":"vor-sonnenuntergang-gerhart-hauptmann","status":"publish","type":"product","link":"https:\/\/casadolivreiro.pt\/index.php\/product\/vor-sonnenuntergang-gerhart-hauptmann\/","title":{"rendered":"VOR SONNENUNTERGANG &#8211; Gerhart Hauptmann"},"content":{"rendered":"<p>VOR SONNENUNTERGANG<br \/>\nGerhart Hauptmann<br \/>\nAno de edi\u00e7\u00e3o: 1959<br \/>\nEditor: Verlag Ullstein GmbH, Frankfurt\/M<br \/>\nIdioma: Alem\u00e2o<br \/>\nDimens\u00f5es: 11.5 x 0.8 x 17.7 cm<br \/>\nEncaderna\u00e7\u00e3o: Capa mole<br \/>\nP\u00e1ginas: 114<\/p>\n","protected":false},"excerpt":{"rendered":"<p>VOR SONNENUNTERGANG Gerhart Hauptmann Ano de edi\u00e7\u00e3o: 1959 Editor: Verlag Ullstein GmbH, Frankfurt\/M Idioma: Alem\u00e2o Dimens\u00f5es: 11.5 x 0.8 x 17.7 cm Encaderna\u00e7\u00e3o: Capa mole P\u00e1ginas: 114<\/p>\n","protected":false},"featured_media":2592,"comment_status":"open","ping_status":"closed","template":"","meta":{"om_disable_all_campaigns":false,"_monsterinsights_skip_tracking":false,"_monsterinsights_sitenote_active":false,"_monsterinsights_sitenote_note":"","_monsterinsights_sitenote_category":0,"_uf_show_specific_survey":0,"_uf_disable_surveys":false},"product_cat":[58],"product_tag":[],"aioseo_notices":[],"jetpack_sharing_enabled":true,"_links":{"self":[{"href":"https:\/\/casadolivreiro.pt\/index.php\/wp-json\/wp\/v2\/product\/2591"}],"collection":[{"href":"https:\/\/casadolivreiro.pt\/index.php\/wp-json\/wp\/v2\/product"}],"about":[{"href":"https:\/\/casadolivreiro.pt\/index.php\/wp-json\/wp\/v2\/types\/product"}],"replies":[{"embeddable":true,"href":"https:\/\/casadolivreiro.pt\/index.php\/wp-json\/wp\/v2\/comments?post=2591"}],"wp:featuredmedia":[{"embeddable":true,"href":"https:\/\/casadolivreiro.pt\/index.php\/wp-json\/wp\/v2\/media\/2592"}],"wp:attachment":[{"href":"https:\/\/casadolivreiro.pt\/index.php\/wp-json\/wp\/v2\/media?parent=2591"}],"wp:term":[{"taxonomy":"product_cat","embeddable":true,"href":"https:\/\/casadolivreiro.pt\/index.php\/wp-json\/wp\/v2\/product_cat?post=2591"},{"taxonomy":"product_tag","embeddable":true,"href":"https:\/\/casadolivreiro.pt\/index.php\/wp-json\/wp\/v2\/product_tag?post=2591"}],"curies":[{"name":"wp","href":"https:\/\/api.w.org\/{rel}","templated":true}]}}