{"id":2589,"date":"2025-02-25T12:55:01","date_gmt":"2025-02-25T12:55:01","guid":{"rendered":"https:\/\/casadolivreiro.pt\/?post_type=product&#038;p=2589"},"modified":"2025-02-25T12:55:02","modified_gmt":"2025-02-25T12:55:02","slug":"die-stunde-der-falschen-triumphe-hans-werner-richter","status":"publish","type":"product","link":"https:\/\/casadolivreiro.pt\/index.php\/product\/die-stunde-der-falschen-triumphe-hans-werner-richter\/","title":{"rendered":"DIE STUNDE DER FALSCHEN TRIUMPHE &#8211; Hans Werner Richter"},"content":{"rendered":"<p>DIE STUNDE DER FALSCHEN TRIUMPHE<\/p>\n<p>Hans Werner Richter<\/p>\n<p>Ano de edi\u00e7\u00e3o: 1985<\/p>\n<p>Editor: Deutschen Tachenbuch Verlag GmbH, M\u00fcnchen<\/p>\n<p>Idioma: Alem\u00e2o<\/p>\n<p>Dimens\u00f5es: 10.8\u00a0 x 1.1 x 18 cm<\/p>\n<p>Encaderna\u00e7\u00e3o: Capa mole<\/p>\n<p>P\u00e1ginas: 204<\/p>\n","protected":false},"excerpt":{"rendered":"<p>DIE STUNDE DER FALSCHEN TRIUMPHE Hans Werner Richter Ano de edi\u00e7\u00e3o: 1985 Editor: Deutschen Tachenbuch Verlag GmbH, M\u00fcnchen Idioma: Alem\u00e2o Dimens\u00f5es: 10.8\u00a0 x 1.1 x 18 cm Encaderna\u00e7\u00e3o: Capa mole P\u00e1ginas: 204<\/p>\n","protected":false},"featured_media":2590,"comment_status":"open","ping_status":"closed","template":"","meta":{"om_disable_all_campaigns":false,"_monsterinsights_skip_tracking":false,"_monsterinsights_sitenote_active":false,"_monsterinsights_sitenote_note":"","_monsterinsights_sitenote_category":0,"_uf_show_specific_survey":0,"_uf_disable_surveys":false},"product_cat":[58,37],"product_tag":[],"aioseo_notices":[],"jetpack_sharing_enabled":true,"_links":{"self":[{"href":"https:\/\/casadolivreiro.pt\/index.php\/wp-json\/wp\/v2\/product\/2589"}],"collection":[{"href":"https:\/\/casadolivreiro.pt\/index.php\/wp-json\/wp\/v2\/product"}],"about":[{"href":"https:\/\/casadolivreiro.pt\/index.php\/wp-json\/wp\/v2\/types\/product"}],"replies":[{"embeddable":true,"href":"https:\/\/casadolivreiro.pt\/index.php\/wp-json\/wp\/v2\/comments?post=2589"}],"wp:featuredmedia":[{"embeddable":true,"href":"https:\/\/casadolivreiro.pt\/index.php\/wp-json\/wp\/v2\/media\/2590"}],"wp:attachment":[{"href":"https:\/\/casadolivreiro.pt\/index.php\/wp-json\/wp\/v2\/media?parent=2589"}],"wp:term":[{"taxonomy":"product_cat","embeddable":true,"href":"https:\/\/casadolivreiro.pt\/index.php\/wp-json\/wp\/v2\/product_cat?post=2589"},{"taxonomy":"product_tag","embeddable":true,"href":"https:\/\/casadolivreiro.pt\/index.php\/wp-json\/wp\/v2\/product_tag?post=2589"}],"curies":[{"name":"wp","href":"https:\/\/api.w.org\/{rel}","templated":true}]}}