{"id":2587,"date":"2025-02-25T12:46:51","date_gmt":"2025-02-25T12:46:51","guid":{"rendered":"https:\/\/casadolivreiro.pt\/?post_type=product&#038;p=2587"},"modified":"2025-02-25T12:46:51","modified_gmt":"2025-02-25T12:46:51","slug":"karussell-der-erpresser-fred-kassak","status":"publish","type":"product","link":"https:\/\/casadolivreiro.pt\/index.php\/product\/karussell-der-erpresser-fred-kassak\/","title":{"rendered":"KARUSSELL DER ERPRESSER &#8211; Fred Kassak"},"content":{"rendered":"<p>KARUSSELL DER ERPRESSER<\/p>\n<p>Fred Kassak<\/p>\n<p>Ano de edi\u00e7\u00e3o: 1998<\/p>\n<p>Editor: Rowohlt Tachenbuch Verlag GmbH, Reinbek<\/p>\n<p>Idioma: Alem\u00e2o<\/p>\n<p>Dimens\u00f5es: 10.5\u00a0 x 0.8 x 19 cm<\/p>\n<p>Encaderna\u00e7\u00e3o: Capa mole<\/p>\n<p>P\u00e1ginas: 116<\/p>\n","protected":false},"excerpt":{"rendered":"<p>KARUSSELL DER ERPRESSER Fred Kassak Ano de edi\u00e7\u00e3o: 1998 Editor: Rowohlt Tachenbuch Verlag GmbH, Reinbek Idioma: Alem\u00e2o Dimens\u00f5es: 10.5\u00a0 x 0.8 x 19 cm Encaderna\u00e7\u00e3o: Capa mole P\u00e1ginas: 116<\/p>\n","protected":false},"featured_media":2588,"comment_status":"open","ping_status":"closed","template":"","meta":{"om_disable_all_campaigns":false,"_monsterinsights_skip_tracking":false,"_monsterinsights_sitenote_active":false,"_monsterinsights_sitenote_note":"","_monsterinsights_sitenote_category":0,"_uf_show_specific_survey":0,"_uf_disable_surveys":false},"product_cat":[58,44],"product_tag":[],"aioseo_notices":[],"jetpack_sharing_enabled":true,"_links":{"self":[{"href":"https:\/\/casadolivreiro.pt\/index.php\/wp-json\/wp\/v2\/product\/2587"}],"collection":[{"href":"https:\/\/casadolivreiro.pt\/index.php\/wp-json\/wp\/v2\/product"}],"about":[{"href":"https:\/\/casadolivreiro.pt\/index.php\/wp-json\/wp\/v2\/types\/product"}],"replies":[{"embeddable":true,"href":"https:\/\/casadolivreiro.pt\/index.php\/wp-json\/wp\/v2\/comments?post=2587"}],"wp:featuredmedia":[{"embeddable":true,"href":"https:\/\/casadolivreiro.pt\/index.php\/wp-json\/wp\/v2\/media\/2588"}],"wp:attachment":[{"href":"https:\/\/casadolivreiro.pt\/index.php\/wp-json\/wp\/v2\/media?parent=2587"}],"wp:term":[{"taxonomy":"product_cat","embeddable":true,"href":"https:\/\/casadolivreiro.pt\/index.php\/wp-json\/wp\/v2\/product_cat?post=2587"},{"taxonomy":"product_tag","embeddable":true,"href":"https:\/\/casadolivreiro.pt\/index.php\/wp-json\/wp\/v2\/product_tag?post=2587"}],"curies":[{"name":"wp","href":"https:\/\/api.w.org\/{rel}","templated":true}]}}