{"id":2573,"date":"2025-02-25T12:22:13","date_gmt":"2025-02-25T12:22:13","guid":{"rendered":"https:\/\/casadolivreiro.pt\/?post_type=product&#038;p=2573"},"modified":"2025-02-25T12:22:14","modified_gmt":"2025-02-25T12:22:14","slug":"el-rey-del-conocimiento-raja-vidya","status":"publish","type":"product","link":"https:\/\/casadolivreiro.pt\/index.php\/product\/el-rey-del-conocimiento-raja-vidya\/","title":{"rendered":"EL REY DEL CONOCIMIENTO &#8211; R\u00e3ja-Vidy\u00e3"},"content":{"rendered":"<p>EL REY DEL CONOCIMIENTO<\/p>\n<p>R\u00e3ja-Vidy\u00e3<\/p>\n<p>ISBN: 84-86888-00-8<\/p>\n<p>Ano de edi\u00e7\u00e3o: 1999<\/p>\n<p>Editor:\u00a0 Bhaktivedanta Book Trust Espa\u00f1a SL<\/p>\n<p>Idioma: Espanhol<\/p>\n<p>Dimens\u00f5es: 10.7\u00a0 x 0.8 x 17.8 cm<\/p>\n<p>Encaderna\u00e7\u00e3o: Capa mole<\/p>\n<p>P\u00e1ginas: 118<\/p>\n","protected":false},"excerpt":{"rendered":"<p>EL REY DEL CONOCIMIENTO R\u00e3ja-Vidy\u00e3 ISBN: 84-86888-00-8 Ano de edi\u00e7\u00e3o: 1999 Editor:\u00a0 Bhaktivedanta Book Trust Espa\u00f1a SL Idioma: Espanhol Dimens\u00f5es: 10.7\u00a0 x 0.8 x 17.8 cm Encaderna\u00e7\u00e3o: Capa mole P\u00e1ginas: 118<\/p>\n","protected":false},"featured_media":2574,"comment_status":"open","ping_status":"closed","template":"","meta":{"om_disable_all_campaigns":false,"_monsterinsights_skip_tracking":false,"_monsterinsights_sitenote_active":false,"_monsterinsights_sitenote_note":"","_monsterinsights_sitenote_category":0,"_uf_show_specific_survey":0,"_uf_disable_surveys":false},"product_cat":[33,57],"product_tag":[],"aioseo_notices":[],"jetpack_sharing_enabled":true,"_links":{"self":[{"href":"https:\/\/casadolivreiro.pt\/index.php\/wp-json\/wp\/v2\/product\/2573"}],"collection":[{"href":"https:\/\/casadolivreiro.pt\/index.php\/wp-json\/wp\/v2\/product"}],"about":[{"href":"https:\/\/casadolivreiro.pt\/index.php\/wp-json\/wp\/v2\/types\/product"}],"replies":[{"embeddable":true,"href":"https:\/\/casadolivreiro.pt\/index.php\/wp-json\/wp\/v2\/comments?post=2573"}],"wp:featuredmedia":[{"embeddable":true,"href":"https:\/\/casadolivreiro.pt\/index.php\/wp-json\/wp\/v2\/media\/2574"}],"wp:attachment":[{"href":"https:\/\/casadolivreiro.pt\/index.php\/wp-json\/wp\/v2\/media?parent=2573"}],"wp:term":[{"taxonomy":"product_cat","embeddable":true,"href":"https:\/\/casadolivreiro.pt\/index.php\/wp-json\/wp\/v2\/product_cat?post=2573"},{"taxonomy":"product_tag","embeddable":true,"href":"https:\/\/casadolivreiro.pt\/index.php\/wp-json\/wp\/v2\/product_tag?post=2573"}],"curies":[{"name":"wp","href":"https:\/\/api.w.org\/{rel}","templated":true}]}}