{"id":2569,"date":"2025-02-21T20:40:45","date_gmt":"2025-02-21T20:40:45","guid":{"rendered":"https:\/\/casadolivreiro.pt\/?post_type=product&#038;p=2569"},"modified":"2025-02-21T20:40:45","modified_gmt":"2025-02-21T20:40:45","slug":"a-descoberta-dos-ovnis-jacques-scornaux-e-christiane-piens","status":"publish","type":"product","link":"https:\/\/casadolivreiro.pt\/index.php\/product\/a-descoberta-dos-ovnis-jacques-scornaux-e-christiane-piens\/","title":{"rendered":"\u00c0 DESCOBERTA DOS OVNIs &#8211; Jacques Scornaux e Christiane Piens"},"content":{"rendered":"<p>\u00c0 DESCOBERTA DOS OVNIs &#8211; Jacques Scornaux e Christiane Piens<br \/>\nTradu\u00e7\u00e3o de Maria da Luz Feu<\/p>\n<p>Ano de edi\u00e7\u00e3o: 1977<\/p>\n<p>Editor: Ant\u00f3nio Ramos, Lisboa<\/p>\n<p>Idioma: Portugu\u00eas<\/p>\n<p>Dimens\u00f5es: 14 x 2 x 20.7cm<\/p>\n<p>Encaderna\u00e7\u00e3o: Capa mole<\/p>\n<p>P\u00e1ginas: 264<\/p>\n","protected":false},"excerpt":{"rendered":"<p>\u00c0 DESCOBERTA DOS OVNIs &#8211; Jacques Scornaux e Christiane Piens Tradu\u00e7\u00e3o de Maria da Luz Feu Ano de edi\u00e7\u00e3o: 1977 Editor: Ant\u00f3nio Ramos, Lisboa Idioma: Portugu\u00eas Dimens\u00f5es: 14 x 2 x 20.7cm Encaderna\u00e7\u00e3o: Capa mole P\u00e1ginas: 264<\/p>\n","protected":false},"featured_media":2570,"comment_status":"open","ping_status":"closed","template":"","meta":{"om_disable_all_campaigns":false,"_monsterinsights_skip_tracking":false,"_monsterinsights_sitenote_active":false,"_monsterinsights_sitenote_note":"","_monsterinsights_sitenote_category":0,"_uf_show_specific_survey":0,"_uf_disable_surveys":false},"product_cat":[32,33],"product_tag":[],"aioseo_notices":[],"jetpack_sharing_enabled":true,"_links":{"self":[{"href":"https:\/\/casadolivreiro.pt\/index.php\/wp-json\/wp\/v2\/product\/2569"}],"collection":[{"href":"https:\/\/casadolivreiro.pt\/index.php\/wp-json\/wp\/v2\/product"}],"about":[{"href":"https:\/\/casadolivreiro.pt\/index.php\/wp-json\/wp\/v2\/types\/product"}],"replies":[{"embeddable":true,"href":"https:\/\/casadolivreiro.pt\/index.php\/wp-json\/wp\/v2\/comments?post=2569"}],"wp:featuredmedia":[{"embeddable":true,"href":"https:\/\/casadolivreiro.pt\/index.php\/wp-json\/wp\/v2\/media\/2570"}],"wp:attachment":[{"href":"https:\/\/casadolivreiro.pt\/index.php\/wp-json\/wp\/v2\/media?parent=2569"}],"wp:term":[{"taxonomy":"product_cat","embeddable":true,"href":"https:\/\/casadolivreiro.pt\/index.php\/wp-json\/wp\/v2\/product_cat?post=2569"},{"taxonomy":"product_tag","embeddable":true,"href":"https:\/\/casadolivreiro.pt\/index.php\/wp-json\/wp\/v2\/product_tag?post=2569"}],"curies":[{"name":"wp","href":"https:\/\/api.w.org\/{rel}","templated":true}]}}