{"id":2567,"date":"2025-02-21T20:38:04","date_gmt":"2025-02-21T20:38:04","guid":{"rendered":"https:\/\/casadolivreiro.pt\/?post_type=product&#038;p=2567"},"modified":"2025-02-21T20:38:04","modified_gmt":"2025-02-21T20:38:04","slug":"a-gravata-berrante-artur-portela-filho","status":"publish","type":"product","link":"https:\/\/casadolivreiro.pt\/index.php\/product\/a-gravata-berrante-artur-portela-filho\/","title":{"rendered":"A GRAVATA BERRANTE &#8211; Artur Portela Filho"},"content":{"rendered":"<p>A GRAVATA BERRANTE &#8211; Artur Portela Filho<\/p>\n<p>Ano de edi\u00e7\u00e3o: 1975<\/p>\n<p>Editor: Arc\u00e1dia, Lisboa<\/p>\n<p>Idioma: Portugu\u00eas<\/p>\n<p>Dimens\u00f5es: 13.2 x 1 x 20.5cm<\/p>\n<p>Encaderna\u00e7\u00e3o: Capa mole<\/p>\n<p>P\u00e1ginas: 126<\/p>\n","protected":false},"excerpt":{"rendered":"<p>A GRAVATA BERRANTE &#8211; Artur Portela Filho Ano de edi\u00e7\u00e3o: 1975 Editor: Arc\u00e1dia, Lisboa Idioma: Portugu\u00eas Dimens\u00f5es: 13.2 x 1 x 20.5cm Encaderna\u00e7\u00e3o: Capa mole P\u00e1ginas: 126<\/p>\n","protected":false},"featured_media":2568,"comment_status":"open","ping_status":"closed","template":"","meta":{"om_disable_all_campaigns":false,"_monsterinsights_skip_tracking":false,"_monsterinsights_sitenote_active":false,"_monsterinsights_sitenote_note":"","_monsterinsights_sitenote_category":0,"_uf_show_specific_survey":0,"_uf_disable_surveys":false},"product_cat":[25,62],"product_tag":[],"aioseo_notices":[],"jetpack_sharing_enabled":true,"_links":{"self":[{"href":"https:\/\/casadolivreiro.pt\/index.php\/wp-json\/wp\/v2\/product\/2567"}],"collection":[{"href":"https:\/\/casadolivreiro.pt\/index.php\/wp-json\/wp\/v2\/product"}],"about":[{"href":"https:\/\/casadolivreiro.pt\/index.php\/wp-json\/wp\/v2\/types\/product"}],"replies":[{"embeddable":true,"href":"https:\/\/casadolivreiro.pt\/index.php\/wp-json\/wp\/v2\/comments?post=2567"}],"wp:featuredmedia":[{"embeddable":true,"href":"https:\/\/casadolivreiro.pt\/index.php\/wp-json\/wp\/v2\/media\/2568"}],"wp:attachment":[{"href":"https:\/\/casadolivreiro.pt\/index.php\/wp-json\/wp\/v2\/media?parent=2567"}],"wp:term":[{"taxonomy":"product_cat","embeddable":true,"href":"https:\/\/casadolivreiro.pt\/index.php\/wp-json\/wp\/v2\/product_cat?post=2567"},{"taxonomy":"product_tag","embeddable":true,"href":"https:\/\/casadolivreiro.pt\/index.php\/wp-json\/wp\/v2\/product_tag?post=2567"}],"curies":[{"name":"wp","href":"https:\/\/api.w.org\/{rel}","templated":true}]}}