{"id":2561,"date":"2025-02-21T20:28:30","date_gmt":"2025-02-21T20:28:30","guid":{"rendered":"https:\/\/casadolivreiro.pt\/?post_type=product&#038;p=2561"},"modified":"2025-02-21T20:28:30","modified_gmt":"2025-02-21T20:28:30","slug":"um-amor-chamado-africa-daniel-comboni","status":"publish","type":"product","link":"https:\/\/casadolivreiro.pt\/index.php\/product\/um-amor-chamado-africa-daniel-comboni\/","title":{"rendered":"UM AMOR CHAMADO \u00c1FRICA &#8211; Daniel Comboni"},"content":{"rendered":"<p>UM AMOR CHAMADO \u00c1FRICA &#8211; Daniel Comboni<\/p>\n<p>Tradu\u00e7\u00e3o de Rog\u00e9rio Nunes<\/p>\n<p>Ano de edi\u00e7\u00e3o: 1991, (1\u00aa edi\u00e7\u00e3o)<\/p>\n<p>Editor: Al\u00e9m-Mar, Lisboa<\/p>\n<p>Idioma: Portugu\u00eas<\/p>\n<p>Dimens\u00f5es: 15 x 1.5 x 20.5cm<\/p>\n<p>Encaderna\u00e7\u00e3o: Capa mole<\/p>\n<p>P\u00e1ginas: 223<\/p>\n","protected":false},"excerpt":{"rendered":"<p>UM AMOR CHAMADO \u00c1FRICA &#8211; Daniel Comboni Tradu\u00e7\u00e3o de Rog\u00e9rio Nunes Ano de edi\u00e7\u00e3o: 1991, (1\u00aa edi\u00e7\u00e3o) Editor: Al\u00e9m-Mar, Lisboa Idioma: Portugu\u00eas Dimens\u00f5es: 15 x 1.5 x 20.5cm Encaderna\u00e7\u00e3o: Capa mole P\u00e1ginas: 223<\/p>\n","protected":false},"featured_media":2562,"comment_status":"open","ping_status":"closed","template":"","meta":{"om_disable_all_campaigns":false,"_monsterinsights_skip_tracking":false,"_monsterinsights_sitenote_active":false,"_monsterinsights_sitenote_note":"","_monsterinsights_sitenote_category":0,"_uf_show_specific_survey":0,"_uf_disable_surveys":false},"product_cat":[35,33,30,26,62],"product_tag":[],"aioseo_notices":[],"jetpack_sharing_enabled":true,"_links":{"self":[{"href":"https:\/\/casadolivreiro.pt\/index.php\/wp-json\/wp\/v2\/product\/2561"}],"collection":[{"href":"https:\/\/casadolivreiro.pt\/index.php\/wp-json\/wp\/v2\/product"}],"about":[{"href":"https:\/\/casadolivreiro.pt\/index.php\/wp-json\/wp\/v2\/types\/product"}],"replies":[{"embeddable":true,"href":"https:\/\/casadolivreiro.pt\/index.php\/wp-json\/wp\/v2\/comments?post=2561"}],"wp:featuredmedia":[{"embeddable":true,"href":"https:\/\/casadolivreiro.pt\/index.php\/wp-json\/wp\/v2\/media\/2562"}],"wp:attachment":[{"href":"https:\/\/casadolivreiro.pt\/index.php\/wp-json\/wp\/v2\/media?parent=2561"}],"wp:term":[{"taxonomy":"product_cat","embeddable":true,"href":"https:\/\/casadolivreiro.pt\/index.php\/wp-json\/wp\/v2\/product_cat?post=2561"},{"taxonomy":"product_tag","embeddable":true,"href":"https:\/\/casadolivreiro.pt\/index.php\/wp-json\/wp\/v2\/product_tag?post=2561"}],"curies":[{"name":"wp","href":"https:\/\/api.w.org\/{rel}","templated":true}]}}