{"id":2559,"date":"2025-02-21T20:25:09","date_gmt":"2025-02-21T20:25:09","guid":{"rendered":"https:\/\/casadolivreiro.pt\/?post_type=product&#038;p=2559"},"modified":"2025-02-21T20:25:09","modified_gmt":"2025-02-21T20:25:09","slug":"a-meta-yves-gibeau","status":"publish","type":"product","link":"https:\/\/casadolivreiro.pt\/index.php\/product\/a-meta-yves-gibeau\/","title":{"rendered":"A META &#8211; Yves Gibeau"},"content":{"rendered":"<p>Tradu\u00e7\u00e3o de Jos\u00e9 Saramago<\/p>\n<p>Colec\u00e7\u00e3o: S\u00e9culo XX<\/p>\n<p>Ano de edi\u00e7\u00e3o: 1957<\/p>\n<p>Editor: Europa-Am\u00e9rica<\/p>\n<p>Idioma: Portugu\u00eas<\/p>\n<p>Dimens\u00f5es: 14 x 2.5 x 19.5cm<\/p>\n<p>Encaderna\u00e7\u00e3o: Capa mole<\/p>\n<p>P\u00e1ginas: 287<\/p>\n","protected":false},"excerpt":{"rendered":"<p>Tradu\u00e7\u00e3o de Jos\u00e9 Saramago Colec\u00e7\u00e3o: S\u00e9culo XX Ano de edi\u00e7\u00e3o: 1957 Editor: Europa-Am\u00e9rica Idioma: Portugu\u00eas Dimens\u00f5es: 14 x 2.5 x 19.5cm Encaderna\u00e7\u00e3o: Capa mole P\u00e1ginas: 287<\/p>\n","protected":false},"featured_media":2560,"comment_status":"open","ping_status":"closed","template":"","meta":{"om_disable_all_campaigns":false,"_monsterinsights_skip_tracking":false,"_monsterinsights_sitenote_active":false,"_monsterinsights_sitenote_note":"","_monsterinsights_sitenote_category":0,"_uf_show_specific_survey":0,"_uf_disable_surveys":false},"product_cat":[26,37],"product_tag":[],"aioseo_notices":[],"jetpack_sharing_enabled":true,"_links":{"self":[{"href":"https:\/\/casadolivreiro.pt\/index.php\/wp-json\/wp\/v2\/product\/2559"}],"collection":[{"href":"https:\/\/casadolivreiro.pt\/index.php\/wp-json\/wp\/v2\/product"}],"about":[{"href":"https:\/\/casadolivreiro.pt\/index.php\/wp-json\/wp\/v2\/types\/product"}],"replies":[{"embeddable":true,"href":"https:\/\/casadolivreiro.pt\/index.php\/wp-json\/wp\/v2\/comments?post=2559"}],"wp:featuredmedia":[{"embeddable":true,"href":"https:\/\/casadolivreiro.pt\/index.php\/wp-json\/wp\/v2\/media\/2560"}],"wp:attachment":[{"href":"https:\/\/casadolivreiro.pt\/index.php\/wp-json\/wp\/v2\/media?parent=2559"}],"wp:term":[{"taxonomy":"product_cat","embeddable":true,"href":"https:\/\/casadolivreiro.pt\/index.php\/wp-json\/wp\/v2\/product_cat?post=2559"},{"taxonomy":"product_tag","embeddable":true,"href":"https:\/\/casadolivreiro.pt\/index.php\/wp-json\/wp\/v2\/product_tag?post=2559"}],"curies":[{"name":"wp","href":"https:\/\/api.w.org\/{rel}","templated":true}]}}