{"id":2557,"date":"2025-02-21T20:21:20","date_gmt":"2025-02-21T20:21:20","guid":{"rendered":"https:\/\/casadolivreiro.pt\/?post_type=product&#038;p=2557"},"modified":"2025-02-21T20:21:20","modified_gmt":"2025-02-21T20:21:20","slug":"o-expresso-de-von-ryan-david-westheimer","status":"publish","type":"product","link":"https:\/\/casadolivreiro.pt\/index.php\/product\/o-expresso-de-von-ryan-david-westheimer\/","title":{"rendered":"O EXPRESSO DE VON RYAN &#8211; David Westheimer"},"content":{"rendered":"<p>O EXPRESSO DE VON RYAN &#8211; David Westheimer<br \/>\nTradu\u00e7\u00e3o de Irene Fernanda<\/p>\n<p>Colec\u00e7\u00e3o: Conema #4<\/p>\n<p>Ano de edi\u00e7\u00e3o: 1965<\/p>\n<p>Editor: Portugalia, Lisboa<\/p>\n<p>Idioma: Portugu\u00eas<\/p>\n<p>Dimens\u00f5es: 15 x 3 x 21.5cm<\/p>\n<p>Encaderna\u00e7\u00e3o: Capa mole<\/p>\n<p>P\u00e1ginas: 322<\/p>\n","protected":false},"excerpt":{"rendered":"<p>O EXPRESSO DE VON RYAN &#8211; David Westheimer Tradu\u00e7\u00e3o de Irene Fernanda Colec\u00e7\u00e3o: Conema #4 Ano de edi\u00e7\u00e3o: 1965 Editor: Portugalia, Lisboa Idioma: Portugu\u00eas Dimens\u00f5es: 15 x 3 x 21.5cm Encaderna\u00e7\u00e3o: Capa mole P\u00e1ginas: 322<\/p>\n","protected":false},"featured_media":2558,"comment_status":"open","ping_status":"closed","template":"","meta":{"om_disable_all_campaigns":false,"_monsterinsights_skip_tracking":false,"_monsterinsights_sitenote_active":false,"_monsterinsights_sitenote_note":"","_monsterinsights_sitenote_category":0,"_uf_show_specific_survey":0,"_uf_disable_surveys":false},"product_cat":[26,44,38],"product_tag":[],"aioseo_notices":[],"jetpack_sharing_enabled":true,"_links":{"self":[{"href":"https:\/\/casadolivreiro.pt\/index.php\/wp-json\/wp\/v2\/product\/2557"}],"collection":[{"href":"https:\/\/casadolivreiro.pt\/index.php\/wp-json\/wp\/v2\/product"}],"about":[{"href":"https:\/\/casadolivreiro.pt\/index.php\/wp-json\/wp\/v2\/types\/product"}],"replies":[{"embeddable":true,"href":"https:\/\/casadolivreiro.pt\/index.php\/wp-json\/wp\/v2\/comments?post=2557"}],"wp:featuredmedia":[{"embeddable":true,"href":"https:\/\/casadolivreiro.pt\/index.php\/wp-json\/wp\/v2\/media\/2558"}],"wp:attachment":[{"href":"https:\/\/casadolivreiro.pt\/index.php\/wp-json\/wp\/v2\/media?parent=2557"}],"wp:term":[{"taxonomy":"product_cat","embeddable":true,"href":"https:\/\/casadolivreiro.pt\/index.php\/wp-json\/wp\/v2\/product_cat?post=2557"},{"taxonomy":"product_tag","embeddable":true,"href":"https:\/\/casadolivreiro.pt\/index.php\/wp-json\/wp\/v2\/product_tag?post=2557"}],"curies":[{"name":"wp","href":"https:\/\/api.w.org\/{rel}","templated":true}]}}