{"id":2553,"date":"2025-02-21T20:14:50","date_gmt":"2025-02-21T20:14:50","guid":{"rendered":"https:\/\/casadolivreiro.pt\/?post_type=product&#038;p=2553"},"modified":"2025-02-21T20:14:50","modified_gmt":"2025-02-21T20:14:50","slug":"ashante-ebano-alberto-vasquez-figueroa","status":"publish","type":"product","link":"https:\/\/casadolivreiro.pt\/index.php\/product\/ashante-ebano-alberto-vasquez-figueroa\/","title":{"rendered":"ASHANTE (\u00c9BANO) &#8211; Alberto V\u00e1squez-Figueroa"},"content":{"rendered":"<p>ASHANTE (\u00c9BANO) &#8211; Alberto V\u00e1squez-Figueroa<\/p>\n<p>Ano de edi\u00e7\u00e3o: 1980<\/p>\n<p>Editor: Circulo de Leitores, Lisboa<\/p>\n<p>Idioma: Portugu\u00eas<\/p>\n<p>Dimens\u00f5es: 12.5 x 2 x 20.2cm<\/p>\n<p>Encaderna\u00e7\u00e3o: Capa dura<\/p>\n<p>P\u00e1ginas: 279<\/p>\n","protected":false},"excerpt":{"rendered":"<p>ASHANTE (\u00c9BANO) &#8211; Alberto V\u00e1squez-Figueroa Ano de edi\u00e7\u00e3o: 1980 Editor: Circulo de Leitores, Lisboa Idioma: Portugu\u00eas Dimens\u00f5es: 12.5 x 2 x 20.2cm Encaderna\u00e7\u00e3o: Capa dura P\u00e1ginas: 279<\/p>\n","protected":false},"featured_media":2554,"comment_status":"open","ping_status":"closed","template":"","meta":{"om_disable_all_campaigns":false,"_monsterinsights_skip_tracking":false,"_monsterinsights_sitenote_active":false,"_monsterinsights_sitenote_note":"","_monsterinsights_sitenote_category":0,"_uf_show_specific_survey":0,"_uf_disable_surveys":false},"product_cat":[25,37],"product_tag":[],"aioseo_notices":[],"jetpack_sharing_enabled":true,"_links":{"self":[{"href":"https:\/\/casadolivreiro.pt\/index.php\/wp-json\/wp\/v2\/product\/2553"}],"collection":[{"href":"https:\/\/casadolivreiro.pt\/index.php\/wp-json\/wp\/v2\/product"}],"about":[{"href":"https:\/\/casadolivreiro.pt\/index.php\/wp-json\/wp\/v2\/types\/product"}],"replies":[{"embeddable":true,"href":"https:\/\/casadolivreiro.pt\/index.php\/wp-json\/wp\/v2\/comments?post=2553"}],"wp:featuredmedia":[{"embeddable":true,"href":"https:\/\/casadolivreiro.pt\/index.php\/wp-json\/wp\/v2\/media\/2554"}],"wp:attachment":[{"href":"https:\/\/casadolivreiro.pt\/index.php\/wp-json\/wp\/v2\/media?parent=2553"}],"wp:term":[{"taxonomy":"product_cat","embeddable":true,"href":"https:\/\/casadolivreiro.pt\/index.php\/wp-json\/wp\/v2\/product_cat?post=2553"},{"taxonomy":"product_tag","embeddable":true,"href":"https:\/\/casadolivreiro.pt\/index.php\/wp-json\/wp\/v2\/product_tag?post=2553"}],"curies":[{"name":"wp","href":"https:\/\/api.w.org\/{rel}","templated":true}]}}