{"id":2551,"date":"2025-02-21T20:12:23","date_gmt":"2025-02-21T20:12:23","guid":{"rendered":"https:\/\/casadolivreiro.pt\/?post_type=product&#038;p=2551"},"modified":"2025-02-21T20:12:23","modified_gmt":"2025-02-21T20:12:23","slug":"a-nova-coventry-sue-townsend","status":"publish","type":"product","link":"https:\/\/casadolivreiro.pt\/index.php\/product\/a-nova-coventry-sue-townsend\/","title":{"rendered":"A NOVA COVENTRY &#8211; Sue Townsend"},"content":{"rendered":"<p>A NOVA COVENTRY &#8211; Sue Townsend<br \/>\nTradu\u00e7\u00e3o de Maria Helena Martins<\/p>\n<p>Ano de edi\u00e7\u00e3o: 1998<\/p>\n<p>Editor: Difel, Carnaxide<\/p>\n<p>Idioma: Portugu\u00eas<\/p>\n<p>Dimens\u00f5es: 15 x 1.3 x 23cm<\/p>\n<p>Encaderna\u00e7\u00e3o: Capa mole<\/p>\n<p>P\u00e1ginas: 220<\/p>\n","protected":false},"excerpt":{"rendered":"<p>A NOVA COVENTRY &#8211; Sue Townsend Tradu\u00e7\u00e3o de Maria Helena Martins Ano de edi\u00e7\u00e3o: 1998 Editor: Difel, Carnaxide Idioma: Portugu\u00eas Dimens\u00f5es: 15 x 1.3 x 23cm Encaderna\u00e7\u00e3o: Capa mole P\u00e1ginas: 220<\/p>\n","protected":false},"featured_media":2552,"comment_status":"open","ping_status":"closed","template":"","meta":{"om_disable_all_campaigns":false,"_monsterinsights_skip_tracking":false,"_monsterinsights_sitenote_active":false,"_monsterinsights_sitenote_note":"","_monsterinsights_sitenote_category":0,"_uf_show_specific_survey":0,"_uf_disable_surveys":false},"product_cat":[26,37],"product_tag":[],"aioseo_notices":[],"jetpack_sharing_enabled":true,"_links":{"self":[{"href":"https:\/\/casadolivreiro.pt\/index.php\/wp-json\/wp\/v2\/product\/2551"}],"collection":[{"href":"https:\/\/casadolivreiro.pt\/index.php\/wp-json\/wp\/v2\/product"}],"about":[{"href":"https:\/\/casadolivreiro.pt\/index.php\/wp-json\/wp\/v2\/types\/product"}],"replies":[{"embeddable":true,"href":"https:\/\/casadolivreiro.pt\/index.php\/wp-json\/wp\/v2\/comments?post=2551"}],"wp:featuredmedia":[{"embeddable":true,"href":"https:\/\/casadolivreiro.pt\/index.php\/wp-json\/wp\/v2\/media\/2552"}],"wp:attachment":[{"href":"https:\/\/casadolivreiro.pt\/index.php\/wp-json\/wp\/v2\/media?parent=2551"}],"wp:term":[{"taxonomy":"product_cat","embeddable":true,"href":"https:\/\/casadolivreiro.pt\/index.php\/wp-json\/wp\/v2\/product_cat?post=2551"},{"taxonomy":"product_tag","embeddable":true,"href":"https:\/\/casadolivreiro.pt\/index.php\/wp-json\/wp\/v2\/product_tag?post=2551"}],"curies":[{"name":"wp","href":"https:\/\/api.w.org\/{rel}","templated":true}]}}