{"id":255,"date":"2024-03-06T19:31:46","date_gmt":"2024-03-06T19:31:46","guid":{"rendered":"https:\/\/casadolivreiro.pt\/?post_type=product&#038;p=255"},"modified":"2024-03-06T19:32:33","modified_gmt":"2024-03-06T19:32:33","slug":"convenances-et-bonnes-manieres-cest-tout-lart-du-savoir-vivre-berthe-bernage","status":"publish","type":"product","link":"https:\/\/casadolivreiro.pt\/index.php\/product\/convenances-et-bonnes-manieres-cest-tout-lart-du-savoir-vivre-berthe-bernage\/","title":{"rendered":"CONVENANCES ET BONNES MANI\u00c8RES C\u2019est tout l\u2019art du savoir-vivre  &#8211; Berthe Bernage"},"content":{"rendered":"<p>CONVENANCES ET BONNES MANI\u00c8RES C\u2019est tout l\u2019art du savoir-vivre<br \/>\nBerthe Bernage<br \/>\nEditor:\u00a0 Gautler-Languereau, Paris<br \/>\nData de Lan\u00e7amento:\u00a0 1969<br \/>\nIdioma:\u00a0 Portugu\u00eas<br \/>\nDimens\u00f5es:\u00a0\u00a0\u00a011.7 x 3.0 x 18cm<br \/>\nEncaderna\u00e7\u00e3o: Capa dura<br \/>\nP\u00e1ginas:\u00a0 413<\/p>\n","protected":false},"excerpt":{"rendered":"<p>CONVENANCES ET BONNES MANI\u00c8RES C\u2019est tout l\u2019art du savoir-vivre Berthe Bernage Editor:\u00a0 Gautler-Languereau, Paris Data de Lan\u00e7amento:\u00a0 1969 Idioma:\u00a0 Portugu\u00eas Dimens\u00f5es:\u00a0\u00a0\u00a011.7 x 3.0 x 18cm Encaderna\u00e7\u00e3o: Capa dura P\u00e1ginas:\u00a0 413<\/p>\n","protected":false},"featured_media":256,"comment_status":"open","ping_status":"closed","template":"","meta":{"om_disable_all_campaigns":false,"_monsterinsights_skip_tracking":false,"_monsterinsights_sitenote_active":false,"_monsterinsights_sitenote_note":"","_monsterinsights_sitenote_category":0,"_uf_show_specific_survey":0,"_uf_disable_surveys":false},"product_cat":[33,56,62,39],"product_tag":[],"aioseo_notices":[],"jetpack_sharing_enabled":true,"_links":{"self":[{"href":"https:\/\/casadolivreiro.pt\/index.php\/wp-json\/wp\/v2\/product\/255"}],"collection":[{"href":"https:\/\/casadolivreiro.pt\/index.php\/wp-json\/wp\/v2\/product"}],"about":[{"href":"https:\/\/casadolivreiro.pt\/index.php\/wp-json\/wp\/v2\/types\/product"}],"replies":[{"embeddable":true,"href":"https:\/\/casadolivreiro.pt\/index.php\/wp-json\/wp\/v2\/comments?post=255"}],"wp:featuredmedia":[{"embeddable":true,"href":"https:\/\/casadolivreiro.pt\/index.php\/wp-json\/wp\/v2\/media\/256"}],"wp:attachment":[{"href":"https:\/\/casadolivreiro.pt\/index.php\/wp-json\/wp\/v2\/media?parent=255"}],"wp:term":[{"taxonomy":"product_cat","embeddable":true,"href":"https:\/\/casadolivreiro.pt\/index.php\/wp-json\/wp\/v2\/product_cat?post=255"},{"taxonomy":"product_tag","embeddable":true,"href":"https:\/\/casadolivreiro.pt\/index.php\/wp-json\/wp\/v2\/product_tag?post=255"}],"curies":[{"name":"wp","href":"https:\/\/api.w.org\/{rel}","templated":true}]}}