{"id":2545,"date":"2025-02-21T20:03:41","date_gmt":"2025-02-21T20:03:41","guid":{"rendered":"https:\/\/casadolivreiro.pt\/?post_type=product&#038;p=2545"},"modified":"2025-02-21T20:03:42","modified_gmt":"2025-02-21T20:03:42","slug":"colditz-o-castelo-p-r-reid","status":"publish","type":"product","link":"https:\/\/casadolivreiro.pt\/index.php\/product\/colditz-o-castelo-p-r-reid\/","title":{"rendered":"COLDITZ: O CASTELO &#8211; P.R. Reid"},"content":{"rendered":"<p>COLDITZ: O CASTELO &#8211; P.R. Reid<br \/>\nTradu\u00e7\u00e3o de C. Santos<\/p>\n<p>Colec\u00e7\u00e3o: Vida e Aventura<\/p>\n<p>Ano de edi\u00e7\u00e3o:<\/p>\n<p>Editor: Livros do Brasil, Lisboa<\/p>\n<p>Idioma: Portugu\u00eas<\/p>\n<p>Dimens\u00f5es: 14.5 x 1.8 x 21cm<\/p>\n<p>Encaderna\u00e7\u00e3o: Capa mole<\/p>\n<p>P\u00e1ginas: 257<\/p>\n","protected":false},"excerpt":{"rendered":"<p>COLDITZ: O CASTELO &#8211; P.R. Reid Tradu\u00e7\u00e3o de C. Santos Colec\u00e7\u00e3o: Vida e Aventura Ano de edi\u00e7\u00e3o: Editor: Livros do Brasil, Lisboa Idioma: Portugu\u00eas Dimens\u00f5es: 14.5 x 1.8 x 21cm Encaderna\u00e7\u00e3o: Capa mole P\u00e1ginas: 257<\/p>\n","protected":false},"featured_media":2546,"comment_status":"open","ping_status":"closed","template":"","meta":{"om_disable_all_campaigns":false,"_monsterinsights_skip_tracking":false,"_monsterinsights_sitenote_active":false,"_monsterinsights_sitenote_note":"","_monsterinsights_sitenote_category":0,"_uf_show_specific_survey":0,"_uf_disable_surveys":false},"product_cat":[30,26,44,38],"product_tag":[],"aioseo_notices":[],"jetpack_sharing_enabled":true,"_links":{"self":[{"href":"https:\/\/casadolivreiro.pt\/index.php\/wp-json\/wp\/v2\/product\/2545"}],"collection":[{"href":"https:\/\/casadolivreiro.pt\/index.php\/wp-json\/wp\/v2\/product"}],"about":[{"href":"https:\/\/casadolivreiro.pt\/index.php\/wp-json\/wp\/v2\/types\/product"}],"replies":[{"embeddable":true,"href":"https:\/\/casadolivreiro.pt\/index.php\/wp-json\/wp\/v2\/comments?post=2545"}],"wp:featuredmedia":[{"embeddable":true,"href":"https:\/\/casadolivreiro.pt\/index.php\/wp-json\/wp\/v2\/media\/2546"}],"wp:attachment":[{"href":"https:\/\/casadolivreiro.pt\/index.php\/wp-json\/wp\/v2\/media?parent=2545"}],"wp:term":[{"taxonomy":"product_cat","embeddable":true,"href":"https:\/\/casadolivreiro.pt\/index.php\/wp-json\/wp\/v2\/product_cat?post=2545"},{"taxonomy":"product_tag","embeddable":true,"href":"https:\/\/casadolivreiro.pt\/index.php\/wp-json\/wp\/v2\/product_tag?post=2545"}],"curies":[{"name":"wp","href":"https:\/\/api.w.org\/{rel}","templated":true}]}}