{"id":2539,"date":"2025-02-21T19:53:10","date_gmt":"2025-02-21T19:53:10","guid":{"rendered":"https:\/\/casadolivreiro.pt\/?post_type=product&#038;p=2539"},"modified":"2026-01-11T15:20:47","modified_gmt":"2026-01-11T15:20:47","slug":"cosmos-witold-gombrowicz","status":"publish","type":"product","link":"https:\/\/casadolivreiro.pt\/index.php\/product\/cosmos-witold-gombrowicz\/","title":{"rendered":"COSMOS &#8211; Witold Gombrowicz"},"content":{"rendered":"<p>COSMOS &#8211; Witold Gombrowicz<br \/>\nTradu\u00e7\u00e3o de Luiza Neto Jorge<\/p>\n<p>Ano de edi\u00e7\u00e3o: 1966<\/p>\n<p>Editor: Ulisseia<\/p>\n<p>Idioma: Portugu\u00eas<\/p>\n<p>Dimens\u00f5es: 13 x 2 x 18.5cm<\/p>\n<p>Encaderna\u00e7\u00e3o: Capa mole<\/p>\n<p>P\u00e1ginas: 271<\/p>\n","protected":false},"excerpt":{"rendered":"<p>COSMOS &#8211; Witold Gombrowicz Tradu\u00e7\u00e3o de Luiza Neto Jorge Ano de edi\u00e7\u00e3o: 1966 Editor: Ulisseia Idioma: Portugu\u00eas Dimens\u00f5es: 13 x 2 x 18.5cm Encaderna\u00e7\u00e3o: Capa mole P\u00e1ginas: 271<\/p>\n","protected":false},"featured_media":2540,"comment_status":"open","ping_status":"closed","template":"","meta":{"om_disable_all_campaigns":false,"_monsterinsights_skip_tracking":false,"_monsterinsights_sitenote_active":false,"_monsterinsights_sitenote_note":"","_monsterinsights_sitenote_category":0,"_uf_show_specific_survey":0,"_uf_disable_surveys":false},"product_cat":[31,47,50,62],"product_tag":[],"aioseo_notices":[],"jetpack_sharing_enabled":true,"_links":{"self":[{"href":"https:\/\/casadolivreiro.pt\/index.php\/wp-json\/wp\/v2\/product\/2539"}],"collection":[{"href":"https:\/\/casadolivreiro.pt\/index.php\/wp-json\/wp\/v2\/product"}],"about":[{"href":"https:\/\/casadolivreiro.pt\/index.php\/wp-json\/wp\/v2\/types\/product"}],"replies":[{"embeddable":true,"href":"https:\/\/casadolivreiro.pt\/index.php\/wp-json\/wp\/v2\/comments?post=2539"}],"wp:featuredmedia":[{"embeddable":true,"href":"https:\/\/casadolivreiro.pt\/index.php\/wp-json\/wp\/v2\/media\/2540"}],"wp:attachment":[{"href":"https:\/\/casadolivreiro.pt\/index.php\/wp-json\/wp\/v2\/media?parent=2539"}],"wp:term":[{"taxonomy":"product_cat","embeddable":true,"href":"https:\/\/casadolivreiro.pt\/index.php\/wp-json\/wp\/v2\/product_cat?post=2539"},{"taxonomy":"product_tag","embeddable":true,"href":"https:\/\/casadolivreiro.pt\/index.php\/wp-json\/wp\/v2\/product_tag?post=2539"}],"curies":[{"name":"wp","href":"https:\/\/api.w.org\/{rel}","templated":true}]}}