{"id":2535,"date":"2025-02-21T19:36:32","date_gmt":"2025-02-21T19:36:32","guid":{"rendered":"https:\/\/casadolivreiro.pt\/?post_type=product&#038;p=2535"},"modified":"2025-02-21T19:36:33","modified_gmt":"2025-02-21T19:36:33","slug":"escandalo-na-sociedade-harold-robbins","status":"publish","type":"product","link":"https:\/\/casadolivreiro.pt\/index.php\/product\/escandalo-na-sociedade-harold-robbins\/","title":{"rendered":"ESC\u00c2NDALO NA SOCIEDADE &#8211; Harold Robbins"},"content":{"rendered":"<p>ESC\u00c2NDALO NA SOCIEDADE &#8211; Harold Robbins<br \/>\nTradu\u00e7\u00e3o de Francisco Bugalho<\/p>\n<p>Ano de edi\u00e7\u00e3o:<\/p>\n<p>Editor: Ditribuidora Record, Rio de Janeiro<\/p>\n<p>Idioma: Portugu\u00eas<\/p>\n<p>Dimens\u00f5es: 14 x 2.2 x x 21cm<\/p>\n<p>Encaderna\u00e7\u00e3o: Capa mole<\/p>\n<p>P\u00e1ginas: 304<\/p>\n","protected":false},"excerpt":{"rendered":"<p>ESC\u00c2NDALO NA SOCIEDADE &#8211; Harold Robbins Tradu\u00e7\u00e3o de Francisco Bugalho Ano de edi\u00e7\u00e3o: Editor: Ditribuidora Record, Rio de Janeiro Idioma: Portugu\u00eas Dimens\u00f5es: 14 x 2.2 x x 21cm Encaderna\u00e7\u00e3o: Capa mole P\u00e1ginas: 304<\/p>\n","protected":false},"featured_media":2536,"comment_status":"open","ping_status":"closed","template":"","meta":{"om_disable_all_campaigns":false,"_monsterinsights_skip_tracking":false,"_monsterinsights_sitenote_active":false,"_monsterinsights_sitenote_note":"","_monsterinsights_sitenote_category":0,"_uf_show_specific_survey":0,"_uf_disable_surveys":false},"product_cat":[26,44,37],"product_tag":[],"aioseo_notices":[],"jetpack_sharing_enabled":true,"_links":{"self":[{"href":"https:\/\/casadolivreiro.pt\/index.php\/wp-json\/wp\/v2\/product\/2535"}],"collection":[{"href":"https:\/\/casadolivreiro.pt\/index.php\/wp-json\/wp\/v2\/product"}],"about":[{"href":"https:\/\/casadolivreiro.pt\/index.php\/wp-json\/wp\/v2\/types\/product"}],"replies":[{"embeddable":true,"href":"https:\/\/casadolivreiro.pt\/index.php\/wp-json\/wp\/v2\/comments?post=2535"}],"wp:featuredmedia":[{"embeddable":true,"href":"https:\/\/casadolivreiro.pt\/index.php\/wp-json\/wp\/v2\/media\/2536"}],"wp:attachment":[{"href":"https:\/\/casadolivreiro.pt\/index.php\/wp-json\/wp\/v2\/media?parent=2535"}],"wp:term":[{"taxonomy":"product_cat","embeddable":true,"href":"https:\/\/casadolivreiro.pt\/index.php\/wp-json\/wp\/v2\/product_cat?post=2535"},{"taxonomy":"product_tag","embeddable":true,"href":"https:\/\/casadolivreiro.pt\/index.php\/wp-json\/wp\/v2\/product_tag?post=2535"}],"curies":[{"name":"wp","href":"https:\/\/api.w.org\/{rel}","templated":true}]}}