{"id":2532,"date":"2025-02-21T19:33:47","date_gmt":"2025-02-21T19:33:47","guid":{"rendered":"https:\/\/casadolivreiro.pt\/?post_type=product&#038;p=2532"},"modified":"2025-02-21T19:33:47","modified_gmt":"2025-02-21T19:33:47","slug":"missao-na-jugoslavia-alistair-maclean","status":"publish","type":"product","link":"https:\/\/casadolivreiro.pt\/index.php\/product\/missao-na-jugoslavia-alistair-maclean\/","title":{"rendered":"MISS\u00c3O NA JUGOSL\u00c1VIA &#8211; Alistair MacLean"},"content":{"rendered":"<p>MISS\u00c3O NA JUGOSL\u00c1VIA &#8211; Alistair MacLean<br \/>\nTradu\u00e7\u00e3o de Abel Marques Ribeiro<br \/>\nAno de edi\u00e7\u00e3o: 1972 ( 1.\u00aa edi\u00e7\u00e3o)<\/p>\n<p>Editor: Minerva, Lisboa<\/p>\n<p>Idioma: Portugu\u00eas<\/p>\n<p>Dimens\u00f5es: 12.5 x 2.7 x 18.4cm<\/p>\n<p>Encaderna\u00e7\u00e3o: Capa dura<\/p>\n<p>P\u00e1ginas: 332<\/p>\n","protected":false},"excerpt":{"rendered":"<p>MISS\u00c3O NA JUGOSL\u00c1VIA &#8211; Alistair MacLean Tradu\u00e7\u00e3o de Abel Marques Ribeiro Ano de edi\u00e7\u00e3o: 1972 ( 1.\u00aa edi\u00e7\u00e3o) Editor: Minerva, Lisboa Idioma: Portugu\u00eas Dimens\u00f5es: 12.5 x 2.7 x 18.4cm Encaderna\u00e7\u00e3o: Capa dura P\u00e1ginas: 332<\/p>\n","protected":false},"featured_media":2533,"comment_status":"open","ping_status":"closed","template":"","meta":{"om_disable_all_campaigns":false,"_monsterinsights_skip_tracking":false,"_monsterinsights_sitenote_active":false,"_monsterinsights_sitenote_note":"","_monsterinsights_sitenote_category":0,"_uf_show_specific_survey":0,"_uf_disable_surveys":false},"product_cat":[30,26,36,51,61],"product_tag":[],"aioseo_notices":[],"jetpack_sharing_enabled":true,"_links":{"self":[{"href":"https:\/\/casadolivreiro.pt\/index.php\/wp-json\/wp\/v2\/product\/2532"}],"collection":[{"href":"https:\/\/casadolivreiro.pt\/index.php\/wp-json\/wp\/v2\/product"}],"about":[{"href":"https:\/\/casadolivreiro.pt\/index.php\/wp-json\/wp\/v2\/types\/product"}],"replies":[{"embeddable":true,"href":"https:\/\/casadolivreiro.pt\/index.php\/wp-json\/wp\/v2\/comments?post=2532"}],"wp:featuredmedia":[{"embeddable":true,"href":"https:\/\/casadolivreiro.pt\/index.php\/wp-json\/wp\/v2\/media\/2533"}],"wp:attachment":[{"href":"https:\/\/casadolivreiro.pt\/index.php\/wp-json\/wp\/v2\/media?parent=2532"}],"wp:term":[{"taxonomy":"product_cat","embeddable":true,"href":"https:\/\/casadolivreiro.pt\/index.php\/wp-json\/wp\/v2\/product_cat?post=2532"},{"taxonomy":"product_tag","embeddable":true,"href":"https:\/\/casadolivreiro.pt\/index.php\/wp-json\/wp\/v2\/product_tag?post=2532"}],"curies":[{"name":"wp","href":"https:\/\/api.w.org\/{rel}","templated":true}]}}