{"id":253,"date":"2024-03-06T19:25:30","date_gmt":"2024-03-06T19:25:30","guid":{"rendered":"https:\/\/casadolivreiro.pt\/?post_type=product&#038;p=253"},"modified":"2024-03-06T19:25:30","modified_gmt":"2024-03-06T19:25:30","slug":"nada-mais-e-o-ciume-um-romance-de-gil-duarte","status":"publish","type":"product","link":"https:\/\/casadolivreiro.pt\/index.php\/product\/nada-mais-e-o-ciume-um-romance-de-gil-duarte\/","title":{"rendered":"NADA MAIS E O CI\u00daME um romance de Gil Duarte"},"content":{"rendered":"<p>NADA MAIS E O CI\u00daME um romance de Gil Duarte<br \/>\nISBN:\u00a0 9789899712201<br \/>\nEditor: Jos\u00e9 Ant\u00f3nio Leite Cruz de Matos Pacheco, Lisboa<br \/>\nData de Lan\u00e7amento:\u00a0 2011<br \/>\nIdioma:\u00a0 Portugu\u00eas<br \/>\nDimens\u00f5es:\u00a0\u00a0\u00a0\u00a0A5 (148 x 210 mm)<br \/>\nEncaderna\u00e7\u00e3o: Capa mole<br \/>\nP\u00e1ginas: 340<\/p>\n<p>\u201cA rela\u00e7\u00e3o de Virg\u00edlio e Dulce continha, desde a g\u00e9nese, um projecto de tristeza. De outra maneira: o seu amor possu\u00eda em si um pigmento desagregador inato, fatal e profundo, um desgaste intr\u00ednseco e cong\u00e9nito. Algo que n\u00e3o era devido ao tempo nem \u00e0 acumula\u00e7\u00e3o das contrariedades, mas fazia parte do c\u00f3digo gen\u00e9tico desse amor. Uma bomba ao retardador que, minuto a minuto, se ia libertando da sua amn\u00e9sia. E at\u00e9 no in\u00edcio da paix\u00e3o, quando esta n\u00e3o tivera tempo para esmorecer ainda, nem interrogar-se demasiado a si mesma, j\u00e1 existiam momentos metaf\u00edsicos em que um ou outro davam por si a querer saber: \u00abMas que fa\u00e7o eu aqui?\u00bb.\u201d<\/p>\n","protected":false},"excerpt":{"rendered":"<p>NADA MAIS E O CI\u00daME um romance de Gil Duarte ISBN:\u00a0 9789899712201 Editor: Jos\u00e9 Ant\u00f3nio Leite Cruz de Matos Pacheco, Lisboa Data de Lan\u00e7amento:\u00a0 2011 Idioma:\u00a0 Portugu\u00eas Dimens\u00f5es:\u00a0\u00a0\u00a0\u00a0A5 (148 x 210 mm) Encaderna\u00e7\u00e3o: Capa mole P\u00e1ginas: 340 \u201cA rela\u00e7\u00e3o de Virg\u00edlio e Dulce continha, desde a g\u00e9nese, um projecto de tristeza. De outra maneira: o [&hellip;]<\/p>\n","protected":false},"featured_media":254,"comment_status":"open","ping_status":"closed","template":"","meta":{"om_disable_all_campaigns":false,"_monsterinsights_skip_tracking":false,"_monsterinsights_sitenote_active":false,"_monsterinsights_sitenote_note":"","_monsterinsights_sitenote_category":0,"_uf_show_specific_survey":0,"_uf_disable_surveys":false},"product_cat":[25,62,37],"product_tag":[],"aioseo_notices":[],"jetpack_sharing_enabled":true,"_links":{"self":[{"href":"https:\/\/casadolivreiro.pt\/index.php\/wp-json\/wp\/v2\/product\/253"}],"collection":[{"href":"https:\/\/casadolivreiro.pt\/index.php\/wp-json\/wp\/v2\/product"}],"about":[{"href":"https:\/\/casadolivreiro.pt\/index.php\/wp-json\/wp\/v2\/types\/product"}],"replies":[{"embeddable":true,"href":"https:\/\/casadolivreiro.pt\/index.php\/wp-json\/wp\/v2\/comments?post=253"}],"wp:featuredmedia":[{"embeddable":true,"href":"https:\/\/casadolivreiro.pt\/index.php\/wp-json\/wp\/v2\/media\/254"}],"wp:attachment":[{"href":"https:\/\/casadolivreiro.pt\/index.php\/wp-json\/wp\/v2\/media?parent=253"}],"wp:term":[{"taxonomy":"product_cat","embeddable":true,"href":"https:\/\/casadolivreiro.pt\/index.php\/wp-json\/wp\/v2\/product_cat?post=253"},{"taxonomy":"product_tag","embeddable":true,"href":"https:\/\/casadolivreiro.pt\/index.php\/wp-json\/wp\/v2\/product_tag?post=253"}],"curies":[{"name":"wp","href":"https:\/\/api.w.org\/{rel}","templated":true}]}}