{"id":2528,"date":"2025-02-21T19:08:12","date_gmt":"2025-02-21T19:08:12","guid":{"rendered":"https:\/\/casadolivreiro.pt\/?post_type=product&#038;p=2528"},"modified":"2025-02-21T19:08:12","modified_gmt":"2025-02-21T19:08:12","slug":"a-arvore-do-diabo-jerzy-kosinski","status":"publish","type":"product","link":"https:\/\/casadolivreiro.pt\/index.php\/product\/a-arvore-do-diabo-jerzy-kosinski\/","title":{"rendered":"A \u00c1RVORE DO DIABO &#8211; Jerzy Kosinski"},"content":{"rendered":"<p>A \u00c1RVORE DO DIABO &#8211; Jerzy Kosinski<br \/>\nTradu\u00e7\u00e3o de Maria Emilia Ferros Moura<\/p>\n<p>Colec\u00e7\u00e3o: Dois Mundos<\/p>\n<p>Ano de edi\u00e7\u00e3o:<\/p>\n<p>Editor: Livros do Brasil, Lisboa<\/p>\n<p>Idioma: Portugu\u00eas<\/p>\n<p>Dimens\u00f5es: 15&#215;1.9x 21.7cm<\/p>\n<p>Encaderna\u00e7\u00e3o: Capa mole<\/p>\n<p>P\u00e1ginas: 231<\/p>\n","protected":false},"excerpt":{"rendered":"<p>A \u00c1RVORE DO DIABO &#8211; Jerzy Kosinski Tradu\u00e7\u00e3o de Maria Emilia Ferros Moura Colec\u00e7\u00e3o: Dois Mundos Ano de edi\u00e7\u00e3o: Editor: Livros do Brasil, Lisboa Idioma: Portugu\u00eas Dimens\u00f5es: 15&#215;1.9x 21.7cm Encaderna\u00e7\u00e3o: Capa mole P\u00e1ginas: 231<\/p>\n","protected":false},"featured_media":2529,"comment_status":"open","ping_status":"closed","template":"","meta":{"om_disable_all_campaigns":false,"_monsterinsights_skip_tracking":false,"_monsterinsights_sitenote_active":false,"_monsterinsights_sitenote_note":"","_monsterinsights_sitenote_category":0,"_uf_show_specific_survey":0,"_uf_disable_surveys":false},"product_cat":[31,33,29],"product_tag":[],"aioseo_notices":[],"jetpack_sharing_enabled":true,"_links":{"self":[{"href":"https:\/\/casadolivreiro.pt\/index.php\/wp-json\/wp\/v2\/product\/2528"}],"collection":[{"href":"https:\/\/casadolivreiro.pt\/index.php\/wp-json\/wp\/v2\/product"}],"about":[{"href":"https:\/\/casadolivreiro.pt\/index.php\/wp-json\/wp\/v2\/types\/product"}],"replies":[{"embeddable":true,"href":"https:\/\/casadolivreiro.pt\/index.php\/wp-json\/wp\/v2\/comments?post=2528"}],"wp:featuredmedia":[{"embeddable":true,"href":"https:\/\/casadolivreiro.pt\/index.php\/wp-json\/wp\/v2\/media\/2529"}],"wp:attachment":[{"href":"https:\/\/casadolivreiro.pt\/index.php\/wp-json\/wp\/v2\/media?parent=2528"}],"wp:term":[{"taxonomy":"product_cat","embeddable":true,"href":"https:\/\/casadolivreiro.pt\/index.php\/wp-json\/wp\/v2\/product_cat?post=2528"},{"taxonomy":"product_tag","embeddable":true,"href":"https:\/\/casadolivreiro.pt\/index.php\/wp-json\/wp\/v2\/product_tag?post=2528"}],"curies":[{"name":"wp","href":"https:\/\/api.w.org\/{rel}","templated":true}]}}