{"id":2522,"date":"2025-02-21T18:58:06","date_gmt":"2025-02-21T18:58:06","guid":{"rendered":"https:\/\/casadolivreiro.pt\/?post_type=product&#038;p=2522"},"modified":"2025-02-21T18:58:06","modified_gmt":"2025-02-21T18:58:06","slug":"sorge-o-espiao-que-veio-de-moscovo-s-goliakov-e-v-ponizovsky","status":"publish","type":"product","link":"https:\/\/casadolivreiro.pt\/index.php\/product\/sorge-o-espiao-que-veio-de-moscovo-s-goliakov-e-v-ponizovsky\/","title":{"rendered":"SORGE: O ESPI\u00c3O QUE VEIO DE MOSCOVO &#8211; S. Goliakov e V. Ponizovsky"},"content":{"rendered":"<p>SORGE: O ESPI\u00c3O QUE VEIO DE MOSCOVO &#8211; S. Goliakov e V. Ponizovsky<\/p>\n<p>Tradu\u00e7\u00e3o de Eduardo Alberto de Gouveia Aguiar<\/p>\n<p>Colec\u00e7\u00e3o: Oficio de viver #5<\/p>\n<p>Ano de edi\u00e7\u00e3o: 1969<\/p>\n<p>Editor: Inova, Porto<\/p>\n<p>Idioma: Portugu\u00eas<\/p>\n<p>Dimens\u00f5es: 14x 3 x 19.5cm<\/p>\n<p>Encaderna\u00e7\u00e3o: Capa mole<\/p>\n<p>P\u00e1ginas: 401<\/p>\n","protected":false},"excerpt":{"rendered":"<p>SORGE: O ESPI\u00c3O QUE VEIO DE MOSCOVO &#8211; S. Goliakov e V. Ponizovsky Tradu\u00e7\u00e3o de Eduardo Alberto de Gouveia Aguiar Colec\u00e7\u00e3o: Oficio de viver #5 Ano de edi\u00e7\u00e3o: 1969 Editor: Inova, Porto Idioma: Portugu\u00eas Dimens\u00f5es: 14x 3 x 19.5cm Encaderna\u00e7\u00e3o: Capa mole P\u00e1ginas: 401<\/p>\n","protected":false},"featured_media":2523,"comment_status":"open","ping_status":"closed","template":"","meta":{"om_disable_all_campaigns":false,"_monsterinsights_skip_tracking":false,"_monsterinsights_sitenote_active":false,"_monsterinsights_sitenote_note":"","_monsterinsights_sitenote_category":0,"_uf_show_specific_survey":0,"_uf_disable_surveys":false},"product_cat":[30,44,51],"product_tag":[],"aioseo_notices":[],"jetpack_sharing_enabled":true,"_links":{"self":[{"href":"https:\/\/casadolivreiro.pt\/index.php\/wp-json\/wp\/v2\/product\/2522"}],"collection":[{"href":"https:\/\/casadolivreiro.pt\/index.php\/wp-json\/wp\/v2\/product"}],"about":[{"href":"https:\/\/casadolivreiro.pt\/index.php\/wp-json\/wp\/v2\/types\/product"}],"replies":[{"embeddable":true,"href":"https:\/\/casadolivreiro.pt\/index.php\/wp-json\/wp\/v2\/comments?post=2522"}],"wp:featuredmedia":[{"embeddable":true,"href":"https:\/\/casadolivreiro.pt\/index.php\/wp-json\/wp\/v2\/media\/2523"}],"wp:attachment":[{"href":"https:\/\/casadolivreiro.pt\/index.php\/wp-json\/wp\/v2\/media?parent=2522"}],"wp:term":[{"taxonomy":"product_cat","embeddable":true,"href":"https:\/\/casadolivreiro.pt\/index.php\/wp-json\/wp\/v2\/product_cat?post=2522"},{"taxonomy":"product_tag","embeddable":true,"href":"https:\/\/casadolivreiro.pt\/index.php\/wp-json\/wp\/v2\/product_tag?post=2522"}],"curies":[{"name":"wp","href":"https:\/\/api.w.org\/{rel}","templated":true}]}}