{"id":2512,"date":"2025-02-21T18:35:31","date_gmt":"2025-02-21T18:35:31","guid":{"rendered":"https:\/\/casadolivreiro.pt\/?post_type=product&#038;p=2512"},"modified":"2025-02-21T18:35:31","modified_gmt":"2025-02-21T18:35:31","slug":"o-pao-as-padeiras-e-os-padeiros-gentil-marques","status":"publish","type":"product","link":"https:\/\/casadolivreiro.pt\/index.php\/product\/o-pao-as-padeiras-e-os-padeiros-gentil-marques\/","title":{"rendered":"O P\u00c3O AS PADEIRAS E OS PADEIROS &#8211; Gentil Marques"},"content":{"rendered":"<p>Biblioteca social e corporativa, No. 33<\/p>\n<p>Editor: Junta da ac\u00e7\u00e3o social,\u00a0 Minist\u00e9rio das corpora\u00e7\u00f5es e previd\u00eancia social<\/p>\n<p>Idioma: Portugu\u00eas<\/p>\n<p>Dimens\u00f5es: 11 x 1.5 x 18cm<\/p>\n<p>Encaderna\u00e7\u00e3o: Capa mole<\/p>\n<p>P\u00e1ginas: 207<\/p>\n","protected":false},"excerpt":{"rendered":"<p>Biblioteca social e corporativa, No. 33 Editor: Junta da ac\u00e7\u00e3o social,\u00a0 Minist\u00e9rio das corpora\u00e7\u00f5es e previd\u00eancia social Idioma: Portugu\u00eas Dimens\u00f5es: 11 x 1.5 x 18cm Encaderna\u00e7\u00e3o: Capa mole P\u00e1ginas: 207<\/p>\n","protected":false},"featured_media":2513,"comment_status":"open","ping_status":"closed","template":"","meta":{"om_disable_all_campaigns":false,"_monsterinsights_skip_tracking":false,"_monsterinsights_sitenote_active":false,"_monsterinsights_sitenote_note":"","_monsterinsights_sitenote_category":0,"_uf_show_specific_survey":0,"_uf_disable_surveys":false},"product_cat":[47,40,66],"product_tag":[],"aioseo_notices":[],"jetpack_sharing_enabled":true,"_links":{"self":[{"href":"https:\/\/casadolivreiro.pt\/index.php\/wp-json\/wp\/v2\/product\/2512"}],"collection":[{"href":"https:\/\/casadolivreiro.pt\/index.php\/wp-json\/wp\/v2\/product"}],"about":[{"href":"https:\/\/casadolivreiro.pt\/index.php\/wp-json\/wp\/v2\/types\/product"}],"replies":[{"embeddable":true,"href":"https:\/\/casadolivreiro.pt\/index.php\/wp-json\/wp\/v2\/comments?post=2512"}],"wp:featuredmedia":[{"embeddable":true,"href":"https:\/\/casadolivreiro.pt\/index.php\/wp-json\/wp\/v2\/media\/2513"}],"wp:attachment":[{"href":"https:\/\/casadolivreiro.pt\/index.php\/wp-json\/wp\/v2\/media?parent=2512"}],"wp:term":[{"taxonomy":"product_cat","embeddable":true,"href":"https:\/\/casadolivreiro.pt\/index.php\/wp-json\/wp\/v2\/product_cat?post=2512"},{"taxonomy":"product_tag","embeddable":true,"href":"https:\/\/casadolivreiro.pt\/index.php\/wp-json\/wp\/v2\/product_tag?post=2512"}],"curies":[{"name":"wp","href":"https:\/\/api.w.org\/{rel}","templated":true}]}}