{"id":250,"date":"2024-03-06T19:17:34","date_gmt":"2024-03-06T19:17:34","guid":{"rendered":"https:\/\/casadolivreiro.pt\/?post_type=product&#038;p=250"},"modified":"2024-03-06T19:17:34","modified_gmt":"2024-03-06T19:17:34","slug":"contos-da-vovo-lala-laura-lo-presti","status":"publish","type":"product","link":"https:\/\/casadolivreiro.pt\/index.php\/product\/contos-da-vovo-lala-laura-lo-presti\/","title":{"rendered":"CONTOS DA V\u00d3V\u00d3 L\u00c1L\u00c1 &#8211;  Laura Lo Presti"},"content":{"rendered":"<p>CONTOS DA V\u00d3V\u00d3 L\u00c1L\u00c1<br \/>\nLaura Lo Presti<br \/>\nEditor: Grafica de Gouveia, Gouveia, Portugal<br \/>\nData de Lan\u00e7amento:\u00a0 1963<br \/>\nIdioma:\u00a0 Portugu\u00eas<br \/>\nDimens\u00f5es:\u00a0\u00a0\u00a016.5 x 1.5 x 21.5cm<br \/>\nEncaderna\u00e7\u00e3o: Capa mole<br \/>\nP\u00e1ginas:\u00a0 139<\/p>\n<p>11 hist\u00f3rias infantis numa edi\u00e7\u00e3o ilustrada. Contos: Bulhas na capoeira, A p\u00e9rola de Ali, Hist\u00f3ria de Fufi, lobo da Als\u00e1cia, O papagaio inteligente, Trapalhona, Florela, Mitzi \u2014 gatinho de circo, Gilda, A chave da felicidade, A \u00e1rvore das moedas de ouro e Vadiozinho.<\/p>\n","protected":false},"excerpt":{"rendered":"<p>CONTOS DA V\u00d3V\u00d3 L\u00c1L\u00c1 Laura Lo Presti Editor: Grafica de Gouveia, Gouveia, Portugal Data de Lan\u00e7amento:\u00a0 1963 Idioma:\u00a0 Portugu\u00eas Dimens\u00f5es:\u00a0\u00a0\u00a016.5 x 1.5 x 21.5cm Encaderna\u00e7\u00e3o: Capa mole P\u00e1ginas:\u00a0 139 11 hist\u00f3rias infantis numa edi\u00e7\u00e3o ilustrada. Contos: Bulhas na capoeira, A p\u00e9rola de Ali, Hist\u00f3ria de Fufi, lobo da Als\u00e1cia, O papagaio inteligente, Trapalhona, Florela, Mitzi [&hellip;]<\/p>\n","protected":false},"featured_media":252,"comment_status":"open","ping_status":"closed","template":"","meta":{"om_disable_all_campaigns":false,"_monsterinsights_skip_tracking":false,"_monsterinsights_sitenote_active":false,"_monsterinsights_sitenote_note":"","_monsterinsights_sitenote_category":0,"_uf_show_specific_survey":0,"_uf_disable_surveys":false},"product_cat":[34,62],"product_tag":[],"aioseo_notices":[],"jetpack_sharing_enabled":true,"_links":{"self":[{"href":"https:\/\/casadolivreiro.pt\/index.php\/wp-json\/wp\/v2\/product\/250"}],"collection":[{"href":"https:\/\/casadolivreiro.pt\/index.php\/wp-json\/wp\/v2\/product"}],"about":[{"href":"https:\/\/casadolivreiro.pt\/index.php\/wp-json\/wp\/v2\/types\/product"}],"replies":[{"embeddable":true,"href":"https:\/\/casadolivreiro.pt\/index.php\/wp-json\/wp\/v2\/comments?post=250"}],"wp:featuredmedia":[{"embeddable":true,"href":"https:\/\/casadolivreiro.pt\/index.php\/wp-json\/wp\/v2\/media\/252"}],"wp:attachment":[{"href":"https:\/\/casadolivreiro.pt\/index.php\/wp-json\/wp\/v2\/media?parent=250"}],"wp:term":[{"taxonomy":"product_cat","embeddable":true,"href":"https:\/\/casadolivreiro.pt\/index.php\/wp-json\/wp\/v2\/product_cat?post=250"},{"taxonomy":"product_tag","embeddable":true,"href":"https:\/\/casadolivreiro.pt\/index.php\/wp-json\/wp\/v2\/product_tag?post=250"}],"curies":[{"name":"wp","href":"https:\/\/api.w.org\/{rel}","templated":true}]}}