{"id":246,"date":"2024-03-06T19:05:34","date_gmt":"2024-03-06T19:05:34","guid":{"rendered":"https:\/\/casadolivreiro.pt\/?post_type=product&#038;p=246"},"modified":"2024-03-06T19:05:34","modified_gmt":"2024-03-06T19:05:34","slug":"as-cartas-da-religiosa-portuguesa-e-o-dogmatismo-critico-dos-anti-romanticos-professor-jose-cerqueira-de-vasconcelos","status":"publish","type":"product","link":"https:\/\/casadolivreiro.pt\/index.php\/product\/as-cartas-da-religiosa-portuguesa-e-o-dogmatismo-critico-dos-anti-romanticos-professor-jose-cerqueira-de-vasconcelos\/","title":{"rendered":"AS CARTAS DA RELIGIOSA PORTUGUESA e o dogmatismo cr\u00edtico dos anti-rom\u00e2nticos Professor Jos\u00e9 Cerqueira de Vasconcelos"},"content":{"rendered":"<p>AS CARTAS DA RELIGIOSA PORTUGUESA e o dogmatismo cr\u00edtico dos anti-rom\u00e2nticos<br \/>\nProfessor Jos\u00e9 Cerqueira de Vasconcelos<br \/>\nCONTEMPOR\u00c2NEA Biblioteca de Autores Nacionais e Estrangeiros No.5<br \/>\nEditor: Nunos de Carvalho, Lisboa<br \/>\nData de Lan\u00e7amento:\u00a0 1935<br \/>\nIdioma:\u00a0 Portugu\u00eas<br \/>\nDimens\u00f5es:\u00a0\u00a0\u00a0\u00a012 x 1.6 x 19cm<br \/>\nEncaderna\u00e7\u00e3o: Capa mole<br \/>\nP\u00e1ginas: 228<\/p>\n<p>A Paix\u00e3o de Amor de S\u00f3ror Mariana e o Discurso Sobre as Paix\u00f5es de Amor, de Pascal.<\/p>\n<p>Exemplar com danos de manuseamento na lombada e na capa anterior.<\/p>\n<p>&nbsp;<\/p>\n","protected":false},"excerpt":{"rendered":"<p>AS CARTAS DA RELIGIOSA PORTUGUESA e o dogmatismo cr\u00edtico dos anti-rom\u00e2nticos Professor Jos\u00e9 Cerqueira de Vasconcelos CONTEMPOR\u00c2NEA Biblioteca de Autores Nacionais e Estrangeiros No.5 Editor: Nunos de Carvalho, Lisboa Data de Lan\u00e7amento:\u00a0 1935 Idioma:\u00a0 Portugu\u00eas Dimens\u00f5es:\u00a0\u00a0\u00a0\u00a012 x 1.6 x 19cm Encaderna\u00e7\u00e3o: Capa mole P\u00e1ginas: 228 A Paix\u00e3o de Amor de S\u00f3ror Mariana e o Discurso [&hellip;]<\/p>\n","protected":false},"featured_media":247,"comment_status":"open","ping_status":"closed","template":"","meta":{"om_disable_all_campaigns":false,"_monsterinsights_skip_tracking":false,"_monsterinsights_sitenote_active":false,"_monsterinsights_sitenote_note":"","_monsterinsights_sitenote_category":0,"_uf_show_specific_survey":0,"_uf_disable_surveys":false},"product_cat":[31,33,59,62],"product_tag":[],"aioseo_notices":[],"jetpack_sharing_enabled":true,"_links":{"self":[{"href":"https:\/\/casadolivreiro.pt\/index.php\/wp-json\/wp\/v2\/product\/246"}],"collection":[{"href":"https:\/\/casadolivreiro.pt\/index.php\/wp-json\/wp\/v2\/product"}],"about":[{"href":"https:\/\/casadolivreiro.pt\/index.php\/wp-json\/wp\/v2\/types\/product"}],"replies":[{"embeddable":true,"href":"https:\/\/casadolivreiro.pt\/index.php\/wp-json\/wp\/v2\/comments?post=246"}],"wp:featuredmedia":[{"embeddable":true,"href":"https:\/\/casadolivreiro.pt\/index.php\/wp-json\/wp\/v2\/media\/247"}],"wp:attachment":[{"href":"https:\/\/casadolivreiro.pt\/index.php\/wp-json\/wp\/v2\/media?parent=246"}],"wp:term":[{"taxonomy":"product_cat","embeddable":true,"href":"https:\/\/casadolivreiro.pt\/index.php\/wp-json\/wp\/v2\/product_cat?post=246"},{"taxonomy":"product_tag","embeddable":true,"href":"https:\/\/casadolivreiro.pt\/index.php\/wp-json\/wp\/v2\/product_tag?post=246"}],"curies":[{"name":"wp","href":"https:\/\/api.w.org\/{rel}","templated":true}]}}