{"id":2438,"date":"2024-04-18T16:45:53","date_gmt":"2024-04-18T16:45:53","guid":{"rendered":"https:\/\/casadolivreiro.pt\/?post_type=product&#038;p=2438"},"modified":"2024-04-18T16:45:53","modified_gmt":"2024-04-18T16:45:53","slug":"la-correspondance-dans-toutes-les-circonstances-de-la-vie-par-la-baronne-staffe","status":"publish","type":"product","link":"https:\/\/casadolivreiro.pt\/index.php\/product\/la-correspondance-dans-toutes-les-circonstances-de-la-vie-par-la-baronne-staffe\/","title":{"rendered":"LA CORRESPONDANCE dans Toutes les Circonstances de la Vie par La Baronne Staffe"},"content":{"rendered":"<p>LA CORRESPONDANCE dans Toutes les Circonstances de la Vie<br \/>\npar La Baronne Staffe<br \/>\nAno de edi\u00e7\u00e3o: 1895<br \/>\nEditor:\u00a0 L\u00e9on Chailley, Editeur, Paris<br \/>\nIdioma: Franc\u00eas<br \/>\nDimens\u00f5es: 11.3\u00a0 x 3.2 x 18 cm<br \/>\nEncaderna\u00e7\u00e3o: Capa dura<br \/>\nP\u00e1ginas: 342<\/p>\n","protected":false},"excerpt":{"rendered":"<p>LA CORRESPONDANCE dans Toutes les Circonstances de la Vie par La Baronne Staffe Ano de edi\u00e7\u00e3o: 1895 Editor:\u00a0 L\u00e9on Chailley, Editeur, Paris Idioma: Franc\u00eas Dimens\u00f5es: 11.3\u00a0 x 3.2 x 18 cm Encaderna\u00e7\u00e3o: Capa dura P\u00e1ginas: 342<\/p>\n","protected":false},"featured_media":2439,"comment_status":"open","ping_status":"closed","template":"","meta":{"om_disable_all_campaigns":false,"_monsterinsights_skip_tracking":false,"_monsterinsights_sitenote_active":false,"_monsterinsights_sitenote_note":"","_monsterinsights_sitenote_category":0,"_uf_show_specific_survey":0,"_uf_disable_surveys":false},"product_cat":[60,56,59,36,54],"product_tag":[],"aioseo_notices":[],"jetpack_sharing_enabled":true,"_links":{"self":[{"href":"https:\/\/casadolivreiro.pt\/index.php\/wp-json\/wp\/v2\/product\/2438"}],"collection":[{"href":"https:\/\/casadolivreiro.pt\/index.php\/wp-json\/wp\/v2\/product"}],"about":[{"href":"https:\/\/casadolivreiro.pt\/index.php\/wp-json\/wp\/v2\/types\/product"}],"replies":[{"embeddable":true,"href":"https:\/\/casadolivreiro.pt\/index.php\/wp-json\/wp\/v2\/comments?post=2438"}],"wp:featuredmedia":[{"embeddable":true,"href":"https:\/\/casadolivreiro.pt\/index.php\/wp-json\/wp\/v2\/media\/2439"}],"wp:attachment":[{"href":"https:\/\/casadolivreiro.pt\/index.php\/wp-json\/wp\/v2\/media?parent=2438"}],"wp:term":[{"taxonomy":"product_cat","embeddable":true,"href":"https:\/\/casadolivreiro.pt\/index.php\/wp-json\/wp\/v2\/product_cat?post=2438"},{"taxonomy":"product_tag","embeddable":true,"href":"https:\/\/casadolivreiro.pt\/index.php\/wp-json\/wp\/v2\/product_tag?post=2438"}],"curies":[{"name":"wp","href":"https:\/\/api.w.org\/{rel}","templated":true}]}}