{"id":2434,"date":"2024-04-18T16:41:49","date_gmt":"2024-04-18T16:41:49","guid":{"rendered":"https:\/\/casadolivreiro.pt\/?post_type=product&#038;p=2434"},"modified":"2024-04-18T16:41:49","modified_gmt":"2024-04-18T16:41:49","slug":"papa-beau-pere-ch-paul-de-kock","status":"publish","type":"product","link":"https:\/\/casadolivreiro.pt\/index.php\/product\/papa-beau-pere-ch-paul-de-kock\/","title":{"rendered":"PAPA BEAU-P\u00c8RE &#8211; Ch. Paul de Kock"},"content":{"rendered":"<p>PAPA BEAU-P\u00c8RE<br \/>\nCh. Paul de Kock<br \/>\nAno de edi\u00e7\u00e3o: 1869<br \/>\nEditor:\u00a0 Ferd. Sartorius, \u00c9diteur, Paris<br \/>\nIdioma: Franc\u00eas<br \/>\nDimens\u00f5es: 11\u00a0 x 2.3 x 18 cm<br \/>\nEncaderna\u00e7\u00e3o: Capa dura<br \/>\nP\u00e1ginas: 283<\/p>\n","protected":false},"excerpt":{"rendered":"<p>PAPA BEAU-P\u00c8RE Ch. Paul de Kock Ano de edi\u00e7\u00e3o: 1869 Editor:\u00a0 Ferd. Sartorius, \u00c9diteur, Paris Idioma: Franc\u00eas Dimens\u00f5es: 11\u00a0 x 2.3 x 18 cm Encaderna\u00e7\u00e3o: Capa dura P\u00e1ginas: 283<\/p>\n","protected":false},"featured_media":2435,"comment_status":"open","ping_status":"closed","template":"","meta":{"om_disable_all_campaigns":false,"_monsterinsights_skip_tracking":false,"_monsterinsights_sitenote_active":false,"_monsterinsights_sitenote_note":"","_monsterinsights_sitenote_category":0,"_uf_show_specific_survey":0,"_uf_disable_surveys":false},"product_cat":[60,56,59,37,54],"product_tag":[],"aioseo_notices":[],"jetpack_sharing_enabled":true,"_links":{"self":[{"href":"https:\/\/casadolivreiro.pt\/index.php\/wp-json\/wp\/v2\/product\/2434"}],"collection":[{"href":"https:\/\/casadolivreiro.pt\/index.php\/wp-json\/wp\/v2\/product"}],"about":[{"href":"https:\/\/casadolivreiro.pt\/index.php\/wp-json\/wp\/v2\/types\/product"}],"replies":[{"embeddable":true,"href":"https:\/\/casadolivreiro.pt\/index.php\/wp-json\/wp\/v2\/comments?post=2434"}],"wp:featuredmedia":[{"embeddable":true,"href":"https:\/\/casadolivreiro.pt\/index.php\/wp-json\/wp\/v2\/media\/2435"}],"wp:attachment":[{"href":"https:\/\/casadolivreiro.pt\/index.php\/wp-json\/wp\/v2\/media?parent=2434"}],"wp:term":[{"taxonomy":"product_cat","embeddable":true,"href":"https:\/\/casadolivreiro.pt\/index.php\/wp-json\/wp\/v2\/product_cat?post=2434"},{"taxonomy":"product_tag","embeddable":true,"href":"https:\/\/casadolivreiro.pt\/index.php\/wp-json\/wp\/v2\/product_tag?post=2434"}],"curies":[{"name":"wp","href":"https:\/\/api.w.org\/{rel}","templated":true}]}}