{"id":2428,"date":"2024-04-18T16:32:59","date_gmt":"2024-04-18T16:32:59","guid":{"rendered":"https:\/\/casadolivreiro.pt\/?post_type=product&#038;p=2428"},"modified":"2024-04-18T16:32:59","modified_gmt":"2024-04-18T16:32:59","slug":"le-dedale-piece-en-cinq-actes-en-prose-paul-hervieu","status":"publish","type":"product","link":"https:\/\/casadolivreiro.pt\/index.php\/product\/le-dedale-piece-en-cinq-actes-en-prose-paul-hervieu\/","title":{"rendered":"LE D\u00c9DALE: Pi\u00e8ce en cinq actes, en prose &#8211; Paul Hervieu"},"content":{"rendered":"<p>LE D\u00c9DALE: Pi\u00e8ce en cinq actes, en prose<br \/>\nPaul Hervieu<br \/>\nAno de edi\u00e7\u00e3o: 1903<br \/>\nEditor:\u00a0 Alphonse Lemerre, Editeur, Paris<br \/>\nIdioma: Franc\u00eas<br \/>\nDimens\u00f5es: 11\u00a0 x 2.7 x 18 cm<br \/>\nEncaderna\u00e7\u00e3o: Capa dura<br \/>\nP\u00e1ginas: 268<\/p>\n","protected":false},"excerpt":{"rendered":"<p>LE D\u00c9DALE: Pi\u00e8ce en cinq actes, en prose Paul Hervieu Ano de edi\u00e7\u00e3o: 1903 Editor:\u00a0 Alphonse Lemerre, Editeur, Paris Idioma: Franc\u00eas Dimens\u00f5es: 11\u00a0 x 2.7 x 18 cm Encaderna\u00e7\u00e3o: Capa dura P\u00e1ginas: 268<\/p>\n","protected":false},"featured_media":2429,"comment_status":"open","ping_status":"closed","template":"","meta":{"om_disable_all_campaigns":false,"_monsterinsights_skip_tracking":false,"_monsterinsights_sitenote_active":false,"_monsterinsights_sitenote_note":"","_monsterinsights_sitenote_category":0,"_uf_show_specific_survey":0,"_uf_disable_surveys":false},"product_cat":[30,60,56,59],"product_tag":[],"aioseo_notices":[],"jetpack_sharing_enabled":true,"_links":{"self":[{"href":"https:\/\/casadolivreiro.pt\/index.php\/wp-json\/wp\/v2\/product\/2428"}],"collection":[{"href":"https:\/\/casadolivreiro.pt\/index.php\/wp-json\/wp\/v2\/product"}],"about":[{"href":"https:\/\/casadolivreiro.pt\/index.php\/wp-json\/wp\/v2\/types\/product"}],"replies":[{"embeddable":true,"href":"https:\/\/casadolivreiro.pt\/index.php\/wp-json\/wp\/v2\/comments?post=2428"}],"wp:featuredmedia":[{"embeddable":true,"href":"https:\/\/casadolivreiro.pt\/index.php\/wp-json\/wp\/v2\/media\/2429"}],"wp:attachment":[{"href":"https:\/\/casadolivreiro.pt\/index.php\/wp-json\/wp\/v2\/media?parent=2428"}],"wp:term":[{"taxonomy":"product_cat","embeddable":true,"href":"https:\/\/casadolivreiro.pt\/index.php\/wp-json\/wp\/v2\/product_cat?post=2428"},{"taxonomy":"product_tag","embeddable":true,"href":"https:\/\/casadolivreiro.pt\/index.php\/wp-json\/wp\/v2\/product_tag?post=2428"}],"curies":[{"name":"wp","href":"https:\/\/api.w.org\/{rel}","templated":true}]}}