{"id":2406,"date":"2024-04-16T14:17:22","date_gmt":"2024-04-16T14:17:22","guid":{"rendered":"https:\/\/casadolivreiro.pt\/?post_type=product&#038;p=2406"},"modified":"2024-04-16T14:17:22","modified_gmt":"2024-04-16T14:17:22","slug":"a-familia-erotica-pierre-hero","status":"publish","type":"product","link":"https:\/\/casadolivreiro.pt\/index.php\/product\/a-familia-erotica-pierre-hero\/","title":{"rendered":"A FAM\u00cdLIA ER\u00d3TICA &#8211; Pierre H\u00e9ro"},"content":{"rendered":"<p>A FAM\u00cdLIA ER\u00d3TICA<br \/>\nPierre H\u00e9ro<br \/>\nTradu\u00e7\u00e3o de Adriano do Valle<br \/>\nColec\u00e7\u00e3o Del\u00edrio<br \/>\nAno de edi\u00e7\u00e3o: 1978 (1.\u00aa edi\u00e7\u00e3o)<br \/>\nEditor: Portugal Press, Lisboa<br \/>\nIdioma: Portugu\u00eas<br \/>\nDimens\u00f5es: 13.5\u00a0 x 0.7 x 20.5 cm<br \/>\nEncaderna\u00e7\u00e3o: Capa mole<br \/>\nP\u00e1ginas: 111<\/p>\n","protected":false},"excerpt":{"rendered":"<p>A FAM\u00cdLIA ER\u00d3TICA Pierre H\u00e9ro Tradu\u00e7\u00e3o de Adriano do Valle Colec\u00e7\u00e3o Del\u00edrio Ano de edi\u00e7\u00e3o: 1978 (1.\u00aa edi\u00e7\u00e3o) Editor: Portugal Press, Lisboa Idioma: Portugu\u00eas Dimens\u00f5es: 13.5\u00a0 x 0.7 x 20.5 cm Encaderna\u00e7\u00e3o: Capa mole P\u00e1ginas: 111<\/p>\n","protected":false},"featured_media":2407,"comment_status":"open","ping_status":"closed","template":"","meta":{"om_disable_all_campaigns":false,"_monsterinsights_skip_tracking":false,"_monsterinsights_sitenote_active":false,"_monsterinsights_sitenote_note":"","_monsterinsights_sitenote_category":0,"_uf_show_specific_survey":0,"_uf_disable_surveys":false},"product_cat":[26,67],"product_tag":[],"aioseo_notices":[],"jetpack_sharing_enabled":true,"_links":{"self":[{"href":"https:\/\/casadolivreiro.pt\/index.php\/wp-json\/wp\/v2\/product\/2406"}],"collection":[{"href":"https:\/\/casadolivreiro.pt\/index.php\/wp-json\/wp\/v2\/product"}],"about":[{"href":"https:\/\/casadolivreiro.pt\/index.php\/wp-json\/wp\/v2\/types\/product"}],"replies":[{"embeddable":true,"href":"https:\/\/casadolivreiro.pt\/index.php\/wp-json\/wp\/v2\/comments?post=2406"}],"wp:featuredmedia":[{"embeddable":true,"href":"https:\/\/casadolivreiro.pt\/index.php\/wp-json\/wp\/v2\/media\/2407"}],"wp:attachment":[{"href":"https:\/\/casadolivreiro.pt\/index.php\/wp-json\/wp\/v2\/media?parent=2406"}],"wp:term":[{"taxonomy":"product_cat","embeddable":true,"href":"https:\/\/casadolivreiro.pt\/index.php\/wp-json\/wp\/v2\/product_cat?post=2406"},{"taxonomy":"product_tag","embeddable":true,"href":"https:\/\/casadolivreiro.pt\/index.php\/wp-json\/wp\/v2\/product_tag?post=2406"}],"curies":[{"name":"wp","href":"https:\/\/api.w.org\/{rel}","templated":true}]}}