{"id":2402,"date":"2024-04-13T16:00:34","date_gmt":"2024-04-13T16:00:34","guid":{"rendered":"https:\/\/casadolivreiro.pt\/?post_type=product&#038;p=2402"},"modified":"2024-04-13T16:00:34","modified_gmt":"2024-04-13T16:00:34","slug":"cambridge-english-first-certificate-trainer-six-practice-tests-with-answers-peter-may","status":"publish","type":"product","link":"https:\/\/casadolivreiro.pt\/index.php\/product\/cambridge-english-first-certificate-trainer-six-practice-tests-with-answers-peter-may\/","title":{"rendered":"CAMBRIDGE ENGLISH: FIRST CERTIFICATE TRAINER: Six Practice  Tests with Answers  &#8211; Peter May"},"content":{"rendered":"<p>CAMBRIDGE ENGLISH: FIRST CERTIFICATE TRAINER: Six Practice\u00a0 Tests with Answers<br \/>\nPeter May<br \/>\nISBN:\u00a0 978-0-521-12853-7<br \/>\nAno de edi\u00e7\u00e3o: 2013<br \/>\nEditor:\u00a0 Cambridge University Press, Cambridge<br \/>\nIdioma: Ingl\u00eas<br \/>\nDimens\u00f5es: 22\u00a0 x 1.5 x 27.5 cm<br \/>\nEncaderna\u00e7\u00e3o: Capa mole<br \/>\nP\u00e1ginas: 237<\/p>\n","protected":false},"excerpt":{"rendered":"<p>CAMBRIDGE ENGLISH: FIRST CERTIFICATE TRAINER: Six Practice\u00a0 Tests with Answers Peter May ISBN:\u00a0 978-0-521-12853-7 Ano de edi\u00e7\u00e3o: 2013 Editor:\u00a0 Cambridge University Press, Cambridge Idioma: Ingl\u00eas Dimens\u00f5es: 22\u00a0 x 1.5 x 27.5 cm Encaderna\u00e7\u00e3o: Capa mole P\u00e1ginas: 237<\/p>\n","protected":false},"featured_media":2403,"comment_status":"open","ping_status":"closed","template":"","meta":{"om_disable_all_campaigns":false,"_monsterinsights_skip_tracking":false,"_monsterinsights_sitenote_active":false,"_monsterinsights_sitenote_note":"","_monsterinsights_sitenote_category":0,"_uf_show_specific_survey":0,"_uf_disable_surveys":false},"product_cat":[45],"product_tag":[],"aioseo_notices":[],"jetpack_sharing_enabled":true,"_links":{"self":[{"href":"https:\/\/casadolivreiro.pt\/index.php\/wp-json\/wp\/v2\/product\/2402"}],"collection":[{"href":"https:\/\/casadolivreiro.pt\/index.php\/wp-json\/wp\/v2\/product"}],"about":[{"href":"https:\/\/casadolivreiro.pt\/index.php\/wp-json\/wp\/v2\/types\/product"}],"replies":[{"embeddable":true,"href":"https:\/\/casadolivreiro.pt\/index.php\/wp-json\/wp\/v2\/comments?post=2402"}],"wp:featuredmedia":[{"embeddable":true,"href":"https:\/\/casadolivreiro.pt\/index.php\/wp-json\/wp\/v2\/media\/2403"}],"wp:attachment":[{"href":"https:\/\/casadolivreiro.pt\/index.php\/wp-json\/wp\/v2\/media?parent=2402"}],"wp:term":[{"taxonomy":"product_cat","embeddable":true,"href":"https:\/\/casadolivreiro.pt\/index.php\/wp-json\/wp\/v2\/product_cat?post=2402"},{"taxonomy":"product_tag","embeddable":true,"href":"https:\/\/casadolivreiro.pt\/index.php\/wp-json\/wp\/v2\/product_tag?post=2402"}],"curies":[{"name":"wp","href":"https:\/\/api.w.org\/{rel}","templated":true}]}}