{"id":2399,"date":"2024-04-13T15:57:39","date_gmt":"2024-04-13T15:57:39","guid":{"rendered":"https:\/\/casadolivreiro.pt\/?post_type=product&#038;p=2399"},"modified":"2024-04-13T15:57:39","modified_gmt":"2024-04-13T15:57:39","slug":"cambridge-english-first-for-schools-trainer-six-practice-tests-with-answers-and-teachers-notes-sarah-dymond-sue-elliott-felicity-odell-and-helen-tiliouine","status":"publish","type":"product","link":"https:\/\/casadolivreiro.pt\/index.php\/product\/cambridge-english-first-for-schools-trainer-six-practice-tests-with-answers-and-teachers-notes-sarah-dymond-sue-elliott-felicity-odell-and-helen-tiliouine\/","title":{"rendered":"CAMBRIDGE ENGLISH: FIRST FOR SCHOOLS TRAINER: Six Practice  Tests with Answers and Teacher\u00b4s Notes &#8211; Sarah Dymond, Sue Elliott, Felicity O\u2019Dell and Helen Tiliouine"},"content":{"rendered":"<p>CAMBRIDGE ENGLISH: FIRST FOR SCHOOLS TRAINER: Six Practice\u00a0 Tests with Answers and Teacher\u00b4s Notes<br \/>\nSarah Dymond, Sue Elliott, Felicity O\u2019Dell and Helen Tiliouine<br \/>\nISBN:\u00a0 978-1-107-63052-9<br \/>\nAno de edi\u00e7\u00e3o: 2013<br \/>\nEditor: \u00a0Cambridge University Press, Cambridge<br \/>\nIdioma: Ingl\u00eas<br \/>\nDimens\u00f5es: 22\u00a0 x 1.5 x 27.5 cm<br \/>\nEncaderna\u00e7\u00e3o: Capa mole<br \/>\nP\u00e1ginas: 239<\/p>\n","protected":false},"excerpt":{"rendered":"<p>CAMBRIDGE ENGLISH: FIRST FOR SCHOOLS TRAINER: Six Practice\u00a0 Tests with Answers and Teacher\u00b4s Notes Sarah Dymond, Sue Elliott, Felicity O\u2019Dell and Helen Tiliouine ISBN:\u00a0 978-1-107-63052-9 Ano de edi\u00e7\u00e3o: 2013 Editor: \u00a0Cambridge University Press, Cambridge Idioma: Ingl\u00eas Dimens\u00f5es: 22\u00a0 x 1.5 x 27.5 cm Encaderna\u00e7\u00e3o: Capa mole P\u00e1ginas: 239<\/p>\n","protected":false},"featured_media":2401,"comment_status":"open","ping_status":"closed","template":"","meta":{"om_disable_all_campaigns":false,"_monsterinsights_skip_tracking":false,"_monsterinsights_sitenote_active":false,"_monsterinsights_sitenote_note":"","_monsterinsights_sitenote_category":0,"_uf_show_specific_survey":0,"_uf_disable_surveys":false},"product_cat":[45],"product_tag":[],"aioseo_notices":[],"jetpack_sharing_enabled":true,"_links":{"self":[{"href":"https:\/\/casadolivreiro.pt\/index.php\/wp-json\/wp\/v2\/product\/2399"}],"collection":[{"href":"https:\/\/casadolivreiro.pt\/index.php\/wp-json\/wp\/v2\/product"}],"about":[{"href":"https:\/\/casadolivreiro.pt\/index.php\/wp-json\/wp\/v2\/types\/product"}],"replies":[{"embeddable":true,"href":"https:\/\/casadolivreiro.pt\/index.php\/wp-json\/wp\/v2\/comments?post=2399"}],"wp:featuredmedia":[{"embeddable":true,"href":"https:\/\/casadolivreiro.pt\/index.php\/wp-json\/wp\/v2\/media\/2401"}],"wp:attachment":[{"href":"https:\/\/casadolivreiro.pt\/index.php\/wp-json\/wp\/v2\/media?parent=2399"}],"wp:term":[{"taxonomy":"product_cat","embeddable":true,"href":"https:\/\/casadolivreiro.pt\/index.php\/wp-json\/wp\/v2\/product_cat?post=2399"},{"taxonomy":"product_tag","embeddable":true,"href":"https:\/\/casadolivreiro.pt\/index.php\/wp-json\/wp\/v2\/product_tag?post=2399"}],"curies":[{"name":"wp","href":"https:\/\/api.w.org\/{rel}","templated":true}]}}